{"id":295,"date":"2026-02-11T18:45:26","date_gmt":"2026-02-11T18:45:26","guid":{"rendered":"https:\/\/elmolidalos.com\/?page_id=295"},"modified":"2026-03-25T06:38:41","modified_gmt":"2026-03-25T06:38:41","slug":"hort-restaurant-el-moli","status":"publish","type":"page","link":"https:\/\/elmolidalos.com\/es\/hort-restaurant-el-moli\/","title":{"rendered":"L&#8217;hort del Mol\u00ed"},"content":{"rendered":"\t\t<div data-elementor-type=\"wp-page\" data-elementor-id=\"295\" class=\"elementor elementor-295\">\n\t\t\t\t<div class=\"elementor-element elementor-element-030e86c hero-banner e-flex e-con-boxed e-con e-parent\" data-id=\"030e86c\" data-element_type=\"container\" data-settings=\"{&quot;background_background&quot;:&quot;slideshow&quot;,&quot;background_slideshow_gallery&quot;:[{&quot;id&quot;:297,&quot;url&quot;:&quot;https:\\\/\\\/elmolidalos.com\\\/wp-content\\\/uploads\\\/2026\\\/02\\\/hort-restaurant-el-moli-alos.jpg&quot;}],&quot;background_slideshow_loop&quot;:&quot;yes&quot;,&quot;background_slideshow_slide_duration&quot;:5000,&quot;background_slideshow_slide_transition&quot;:&quot;fade&quot;,&quot;background_slideshow_transition_duration&quot;:500}\">\n\t\t\t\t\t<div class=\"e-con-inner\">\n\t\t<div class=\"elementor-element elementor-element-d3b6e73 e-con-full banner-title e-flex e-con e-child\" data-id=\"d3b6e73\" data-element_type=\"container\">\n\t\t\t\t<div class=\"elementor-element elementor-element-6bdc508 elementor-widget elementor-widget-heading\" data-id=\"6bdc508\" data-element_type=\"widget\" data-widget_type=\"heading.default\">\n\t\t\t\t\t<h1 class=\"elementor-heading-title elementor-size-default\">EL NOSTRE HORT<\/h1>\t\t\t\t<\/div>\n\t\t\t\t<div class=\"elementor-element elementor-element-21812f1 elementor-widget elementor-widget-heading\" data-id=\"21812f1\" data-element_type=\"widget\" data-widget_type=\"heading.default\">\n\t\t\t\t\t<h1 class=\"elementor-heading-title elementor-size-default\"><span>Cuina de proximitat, \nde veritat<\/span><\/h1>\t\t\t\t<\/div>\n\t\t\t\t<div class=\"elementor-element elementor-element-9e677bc elementor-widget elementor-widget-heading\" data-id=\"9e677bc\" data-element_type=\"widget\" data-widget_type=\"heading.default\">\n\t\t\t\t\t<p class=\"elementor-heading-title elementor-size-default\">Al Mol\u00ed d\u2019Al\u00f2s fem servir verdures cultivades al nostre hort, sense pesticides i collides al punt just perqu\u00e8 en cada plat hi trobeu frescor i sabor aut\u00e8ntic.\n\n<\/p>\t\t\t\t<\/div>\n\t\t\t\t<\/div>\n\t\t\t\t\t<\/div>\n\t\t\t\t<\/div>\n\t\t<div class=\"elementor-element elementor-element-a2a2348 e-flex e-con-boxed e-con e-parent\" data-id=\"a2a2348\" data-element_type=\"container\">\n\t\t\t\t\t<div class=\"e-con-inner\">\n\t\t<div class=\"elementor-element elementor-element-2600fb7 e-con-full e-flex e-con e-child\" data-id=\"2600fb7\" data-element_type=\"container\">\n\t\t<div class=\"elementor-element elementor-element-c41d9b7 e-con-full e-flex e-con e-child\" data-id=\"c41d9b7\" data-element_type=\"container\">\n\t\t<a class=\"elementor-element elementor-element-b847546 e-con-full btn-arrow e-flex e-con e-child\" data-id=\"b847546\" data-element_type=\"container\" href=\"#\">\n\t\t\t\t<div class=\"elementor-element elementor-element-3a51d8d elementor-widget elementor-widget-heading\" data-id=\"3a51d8d\" data-element_type=\"widget\" data-widget_type=\"heading.default\">\n\t\t\t\t\t<p class=\"elementor-heading-title elementor-size-default\">EL NOSTRE ORIGEN: L\u2019HORT DEL MOL\u00cd<\/p>\t\t\t\t<\/div>\n\t\t\t\t<\/a>\n\t\t<div class=\"elementor-element elementor-element-18526ef e-con-full btn-arrow e-flex e-con e-child\" data-id=\"18526ef\" data-element_type=\"container\">\n\t\t\t\t<div class=\"elementor-element elementor-element-43c194d elementor-widget elementor-widget-heading\" data-id=\"43c194d\" data-element_type=\"widget\" data-widget_type=\"heading.default\">\n\t\t\t\t\t<h3 class=\"elementor-heading-title elementor-size-default\">Qu\u00e8 va ser primer, el restaurant o l\u2019hort?<\/h3>\t\t\t\t<\/div>\n\t\t\t\t<div class=\"elementor-element elementor-element-4017b52 elementor-widget__width-initial elementor-widget elementor-widget-text-editor\" data-id=\"4017b52\" data-element_type=\"widget\" data-widget_type=\"text-editor.default\">\n\t\t\t\t\t\t\t\t\t<p>L&#8217;hort.\u00a0\u00a0<\/p><p><strong>Segur que hi est\u00e0s d\u2019acord<\/strong>: avui dia gran part de la verdura que trobem, fins i tot als mercats, ha perdut el sabor.<\/p><p><strong>Tom\u00e0quets sensa gust i que no fan olor, pebrots que no diuen res i enciams que nom\u00e9s s\u00f3n\u2026 verd.<\/strong><\/p><p>Per aix\u00f2 vam decidir plantar el nostre hort: <strong>per recuperar els sabors aut\u00e8ntics<\/strong> que creiem que no s\u2019havien d\u2019haver perdut mai.<\/p><p>I quan va arribar el moment d\u2019obrir el restaurant, ho vam tenir clar\u00edssim: vol\u00edem <strong>cuina de proximitat, de veritat<\/strong>.<\/p><p>Aix\u00f2 volia dir cuinar amb el que nosaltres mateixos cultivem: <strong>producte fresc, de temporada i collit a pocs metres del Mol\u00ed<\/strong>.<\/p>\t\t\t\t\t\t\t\t<\/div>\n\t\t\t\t<\/div>\n\t\t\t\t<\/div>\n\t\t\t\t<\/div>\n\t\t<div class=\"elementor-element elementor-element-06f9931 e-con-full e-flex e-con e-child\" data-id=\"06f9931\" data-element_type=\"container\">\n\t\t\t\t<div class=\"elementor-element elementor-element-98f6e83 carrusel-big2 elementor-pagination-position-outside elementor-widget elementor-widget-image-carousel\" data-id=\"98f6e83\" data-element_type=\"widget\" data-settings=\"{&quot;slides_to_show&quot;:&quot;1&quot;,&quot;navigation&quot;:&quot;dots&quot;,&quot;autoplay&quot;:&quot;yes&quot;,&quot;pause_on_hover&quot;:&quot;yes&quot;,&quot;pause_on_interaction&quot;:&quot;yes&quot;,&quot;autoplay_speed&quot;:5000,&quot;infinite&quot;:&quot;yes&quot;,&quot;effect&quot;:&quot;slide&quot;,&quot;speed&quot;:500}\" data-widget_type=\"image-carousel.default\">\n\t\t\t\t\t\t\t<div class=\"elementor-image-carousel-wrapper swiper\" role=\"region\" aria-roledescription=\"carousel\" aria-label=\"Carrusel de im\u00e1genes\" dir=\"ltr\">\n\t\t\t<div class=\"elementor-image-carousel swiper-wrapper\" aria-live=\"off\">\n\t\t\t\t\t\t\t\t<div class=\"swiper-slide\" role=\"group\" aria-roledescription=\"slide\" aria-label=\"1 de 3\"><figure class=\"swiper-slide-inner\"><img decoding=\"async\" class=\"swiper-slide-image\" src=\"https:\/\/elmolidalos.com\/wp-content\/uploads\/2026\/02\/verdura-del-hort-1.jpg\" alt=\"productes de proximitat lleida\" \/><\/figure><\/div><div class=\"swiper-slide\" role=\"group\" aria-roledescription=\"slide\" aria-label=\"2 de 3\"><figure class=\"swiper-slide-inner\"><img decoding=\"async\" class=\"swiper-slide-image\" src=\"https:\/\/elmolidalos.com\/wp-content\/uploads\/2026\/02\/verdura-del-hort.jpg\" alt=\"venda de proximitat\" \/><\/figure><\/div><div class=\"swiper-slide\" role=\"group\" aria-roledescription=\"slide\" aria-label=\"3 de 3\"><figure class=\"swiper-slide-inner\"><img decoding=\"async\" class=\"swiper-slide-image\" src=\"https:\/\/elmolidalos.com\/wp-content\/uploads\/2026\/02\/restaurant-amb-hort.jpg\" alt=\"verdura de proximitat\" \/><\/figure><\/div>\t\t\t<\/div>\n\t\t\t\t\t\t\t\n\t\t\t\t\t\t\t\t\t<div class=\"swiper-pagination\"><\/div>\n\t\t\t\t\t\t\t\t\t<\/div>\n\t\t\t\t\t\t<\/div>\n\t\t\t\t<\/div>\n\t\t\t\t\t<\/div>\n\t\t\t\t<\/div>\n\t\t<div class=\"elementor-element elementor-element-78ca164 e-flex e-con-boxed e-con e-parent\" data-id=\"78ca164\" data-element_type=\"container\">\n\t\t\t\t\t<div class=\"e-con-inner\">\n\t\t<div class=\"elementor-element elementor-element-8fc6103 e-con-full e-flex e-con e-child\" data-id=\"8fc6103\" data-element_type=\"container\">\n\t\t\t\t<div class=\"elementor-element elementor-element-127fb09 carrusel-big2 elementor-pagination-position-outside elementor-widget elementor-widget-image-carousel\" data-id=\"127fb09\" data-element_type=\"widget\" data-settings=\"{&quot;slides_to_show&quot;:&quot;1&quot;,&quot;navigation&quot;:&quot;dots&quot;,&quot;autoplay&quot;:&quot;yes&quot;,&quot;pause_on_hover&quot;:&quot;yes&quot;,&quot;pause_on_interaction&quot;:&quot;yes&quot;,&quot;autoplay_speed&quot;:5000,&quot;infinite&quot;:&quot;yes&quot;,&quot;effect&quot;:&quot;slide&quot;,&quot;speed&quot;:500}\" data-widget_type=\"image-carousel.default\">\n\t\t\t\t\t\t\t<div class=\"elementor-image-carousel-wrapper swiper\" role=\"region\" aria-roledescription=\"carousel\" aria-label=\"Carrusel de im\u00e1genes\" dir=\"ltr\">\n\t\t\t<div class=\"elementor-image-carousel swiper-wrapper\" aria-live=\"off\">\n\t\t\t\t\t\t\t\t<div class=\"swiper-slide\" role=\"group\" aria-roledescription=\"slide\" aria-label=\"1 de 1\"><figure class=\"swiper-slide-inner\"><img decoding=\"async\" class=\"swiper-slide-image\" src=\"https:\/\/elmolidalos.com\/wp-content\/uploads\/2026\/02\/pebrots-del-hort.jpg\" alt=\"menjar de proximitat\" \/><\/figure><\/div>\t\t\t<\/div>\n\t\t\t\t\t<\/div>\n\t\t\t\t\t\t<\/div>\n\t\t\t\t<\/div>\n\t\t<div class=\"elementor-element elementor-element-6aefb55 e-con-full e-flex e-con e-child\" data-id=\"6aefb55\" data-element_type=\"container\">\n\t\t<div class=\"elementor-element elementor-element-38692d8 e-con-full e-flex e-con e-child\" data-id=\"38692d8\" data-element_type=\"container\">\n\t\t\t\t<div class=\"elementor-element elementor-element-6a8d7f2 elementor-widget elementor-widget-heading\" data-id=\"6a8d7f2\" data-element_type=\"widget\" data-widget_type=\"heading.default\">\n\t\t\t\t\t<h2 class=\"elementor-heading-title elementor-size-default\">DE L\u2019HORT A LA CUINA<\/h2>\t\t\t\t<\/div>\n\t\t\t\t<div class=\"elementor-element elementor-element-90d5d6b elementor-widget elementor-widget-heading\" data-id=\"90d5d6b\" data-element_type=\"widget\" data-widget_type=\"heading.default\">\n\t\t\t\t\t<h3 class=\"elementor-heading-title elementor-size-default\">Cultivem amb respecte. \nCuinem amb sentit.  <\/h3>\t\t\t\t<\/div>\n\t\t\t\t<div class=\"elementor-element elementor-element-1070a3a elementor-widget__width-initial elementor-widget-mobile__width-inherit elementor-widget elementor-widget-text-editor\" data-id=\"1070a3a\" data-element_type=\"widget\" data-widget_type=\"text-editor.default\">\n\t\t\t\t\t\t\t\t\t<p>Ens agrada treballar la terra amb sentit i respecte. <strong>Fem el nostre propi compost i cultivem\u00a0 varietats adaptades al clima de Lleida i zero presses.<\/strong><\/p><p><strong>Cultivem, segons la temporada:<\/strong><\/p><ul><li>Tom\u00e0quets, pebrots, alberg\u00ednies i carbassons<\/li><li>Bledes, espinacs, enciams i mesclums de fulla<\/li><li>Cebes, alls, remolatxes, pastanagues<\/li><li>Arom\u00e0tiques: roman\u00ed, farigola, alf\u00e0brega, julivert<\/li><\/ul><p>I tot aix\u00f2 \u00e9s el que despr\u00e9s dona sentit a la nostra cuina: <strong>plats de sempre, fets com s\u2019han fet tota la vida<\/strong>, amb verdures que surten directament del nostre hort.<\/p>\t\t\t\t\t\t\t\t<\/div>\n\t\t\t\t<\/div>\n\t\t\t\t<\/div>\n\t\t\t\t\t<\/div>\n\t\t\t\t<\/div>\n\t\t<div class=\"elementor-element elementor-element-1a99049 e-flex e-con-boxed e-con e-parent\" data-id=\"1a99049\" data-element_type=\"container\">\n\t\t\t\t\t<div class=\"e-con-inner\">\n\t\t<div class=\"elementor-element elementor-element-83840c8 e-con-full e-flex e-con e-child\" data-id=\"83840c8\" data-element_type=\"container\">\n\t\t\t\t<div class=\"elementor-element elementor-element-97e29f1 elementor-widget elementor-widget-heading\" data-id=\"97e29f1\" data-element_type=\"widget\" data-widget_type=\"heading.default\">\n\t\t\t\t\t<h3 class=\"elementor-heading-title elementor-size-default\">LA MANERA COM CULTIVEM<\/h3>\t\t\t\t<\/div>\n\t\t\t\t<\/div>\n\t\t<div class=\"elementor-element elementor-element-2860817 e-grid e-con-full e-con e-child\" data-id=\"2860817\" data-element_type=\"container\">\n\t\t<div class=\"elementor-element elementor-element-73b0a32 e-con-full e-flex e-con e-child\" data-id=\"73b0a32\" data-element_type=\"container\" data-settings=\"{&quot;background_background&quot;:&quot;classic&quot;}\">\n\t\t<div class=\"elementor-element elementor-element-3658dc6 e-con-full e-flex e-con e-child\" data-id=\"3658dc6\" data-element_type=\"container\">\n\t\t\t\t<div class=\"elementor-element elementor-element-dd5d492 elementor-widget__width-initial elementor-widget elementor-widget-heading\" data-id=\"dd5d492\" data-element_type=\"widget\" data-widget_type=\"heading.default\">\n\t\t\t\t\t<h2 class=\"elementor-heading-title elementor-size-default\">Compost propi<\/h2>\t\t\t\t<\/div>\n\t\t\t\t<div class=\"elementor-element elementor-element-945c3c9 elementor-widget elementor-widget-text-editor\" data-id=\"945c3c9\" data-element_type=\"widget\" data-widget_type=\"text-editor.default\">\n\t\t\t\t\t\t\t\t\t<p>Aprofitem la <strong>mat\u00e8ria org\u00e0nica<\/strong> que generem al restaurant per fer <strong>compost propi<\/strong> i retornar vida a la terra de manera natural.<\/p>\t\t\t\t\t\t\t\t<\/div>\n\t\t\t\t<\/div>\n\t\t\t\t<\/div>\n\t\t<div class=\"elementor-element elementor-element-eb96685 e-con-full e-flex e-con e-child\" data-id=\"eb96685\" data-element_type=\"container\" data-settings=\"{&quot;background_background&quot;:&quot;classic&quot;}\">\n\t\t<div class=\"elementor-element elementor-element-d224c9e e-con-full e-flex e-con e-child\" data-id=\"d224c9e\" data-element_type=\"container\">\n\t\t\t\t<div class=\"elementor-element elementor-element-2557fe8 elementor-widget__width-initial elementor-widget elementor-widget-heading\" data-id=\"2557fe8\" data-element_type=\"widget\" data-widget_type=\"heading.default\">\n\t\t\t\t\t<h2 class=\"elementor-heading-title elementor-size-default\">Cultiu sense qu\u00edmics<\/h2>\t\t\t\t<\/div>\n\t\t\t\t<div class=\"elementor-element elementor-element-870db05 elementor-widget elementor-widget-text-editor\" data-id=\"870db05\" data-element_type=\"widget\" data-widget_type=\"text-editor.default\">\n\t\t\t\t\t\t\t\t\t<p>Cultivem <strong>sense pesticides ni productes qu\u00edmics<\/strong>, respectant els ritmes naturals perqu\u00e8 cada verdura creixi <strong>sana, forta i plena de gust<\/strong>.<\/p>\t\t\t\t\t\t\t\t<\/div>\n\t\t\t\t<\/div>\n\t\t\t\t<\/div>\n\t\t<div class=\"elementor-element elementor-element-1768d89 e-con-full e-flex e-con e-child\" data-id=\"1768d89\" data-element_type=\"container\" data-settings=\"{&quot;background_background&quot;:&quot;classic&quot;}\">\n\t\t<div class=\"elementor-element elementor-element-ca67549 e-con-full e-flex e-con e-child\" data-id=\"ca67549\" data-element_type=\"container\">\n\t\t\t\t<div class=\"elementor-element elementor-element-74e4fb8 elementor-widget__width-initial elementor-widget elementor-widget-heading\" data-id=\"74e4fb8\" data-element_type=\"widget\" data-widget_type=\"heading.default\">\n\t\t\t\t\t<h2 class=\"elementor-heading-title elementor-size-default\">Collit al punt<\/h2>\t\t\t\t<\/div>\n\t\t\t\t<div class=\"elementor-element elementor-element-e56a159 elementor-widget elementor-widget-text-editor\" data-id=\"e56a159\" data-element_type=\"widget\" data-widget_type=\"text-editor.default\">\n\t\t\t\t\t\t\t\t\t<p>Collim cada verdura al seu <strong>moment \u00f2ptim de maduraci\u00f3<\/strong> perqu\u00e8 arribi a la cuina amb m\u00e9s frescor, <strong>m\u00e9s aroma i m\u00e9s sabor.<\/strong><\/p>\t\t\t\t\t\t\t\t<\/div>\n\t\t\t\t<\/div>\n\t\t\t\t<\/div>\n\t\t\t\t<\/div>\n\t\t\t\t\t<\/div>\n\t\t\t\t<\/div>\n\t\t<div class=\"elementor-element elementor-element-c9148f2 e-flex e-con-boxed e-con e-parent\" data-id=\"c9148f2\" data-element_type=\"container\">\n\t\t\t\t\t<div class=\"e-con-inner\">\n\t\t<div class=\"elementor-element elementor-element-3f7228d e-con-full e-flex e-con e-child\" data-id=\"3f7228d\" data-element_type=\"container\">\n\t\t<div class=\"elementor-element elementor-element-e7dfb91 e-con-full e-flex e-con e-child\" data-id=\"e7dfb91\" data-element_type=\"container\">\n\t\t\t\t<div class=\"elementor-element elementor-element-befbda5 elementor-widget elementor-widget-heading\" data-id=\"befbda5\" data-element_type=\"widget\" data-widget_type=\"heading.default\">\n\t\t\t\t\t<h2 class=\"elementor-heading-title elementor-size-default\">LA NOSTRA CUINA <\/h2>\t\t\t\t<\/div>\n\t\t\t\t<div class=\"elementor-element elementor-element-ea68ae2 elementor-widget elementor-widget-heading\" data-id=\"ea68ae2\" data-element_type=\"widget\" data-widget_type=\"heading.default\">\n\t\t\t\t\t<h3 class=\"elementor-heading-title elementor-size-default\">El valor d\u2019un hort propi<\/h3>\t\t\t\t<\/div>\n\t\t\t\t<div class=\"elementor-element elementor-element-07ed27e elementor-widget__width-initial elementor-widget-mobile__width-inherit elementor-widget elementor-widget-text-editor\" data-id=\"07ed27e\" data-element_type=\"widget\" data-widget_type=\"text-editor.default\">\n\t\t\t\t\t\t\t\t\t<p>Per a nosaltres, tenir hort propi \u00e9s una manera <strong>d\u2019aportar valor real a la nostra cuina<\/strong>.<\/p><p>No nom\u00e9s per la <strong>qualitat del producte<\/strong>, sin\u00f3 perqu\u00e8 ens permet decidir qu\u00e8 plantem, quan ho collim i com ho aprofitem despr\u00e9s als plats.<\/p><p>Aquesta relaci\u00f3 directa amb l\u2019origen fa que la nostra cuina sigui <strong>m\u00e9s flexible, m\u00e9s estacional i tamb\u00e9 m\u00e9s personal<\/strong>.<\/p><p>Ens ajuda a cuinar amb m\u00e9s consci\u00e8ncia, a respectar millor cada ingredient i a <strong>oferir una experi\u00e8ncia que neix de la terra i continua a la taula<\/strong>.<\/p><p><strong>Ens permet oferir plats m\u00e9s naturals i m\u00e9s fidels al lloc on som<\/strong>.<\/p>\t\t\t\t\t\t\t\t<\/div>\n\t\t\t\t<\/div>\n\t\t<div class=\"elementor-element elementor-element-8024773 e-con-full e-flex e-con e-child\" data-id=\"8024773\" data-element_type=\"container\">\n\t\t<a class=\"elementor-element elementor-element-4496a86 e-con-full btn-arrow e-flex e-con e-child\" data-id=\"4496a86\" data-element_type=\"container\" href=\"#\">\n\t\t\t\t<div class=\"elementor-element elementor-element-0da8f9d elementor-widget elementor-widget-image\" data-id=\"0da8f9d\" data-element_type=\"widget\" data-widget_type=\"image.default\">\n\t\t\t\t\t\t\t\t\t\t\t\t\t\t\t<img decoding=\"async\" width=\"234\" height=\"15\" src=\"https:\/\/elmolidalos.com\/wp-content\/uploads\/2026\/01\/arrow.png\" class=\"attachment-large size-large wp-image-53\" alt=\"\" \/>\t\t\t\t\t\t\t\t\t\t\t\t\t\t\t<\/div>\n\t\t\t\t<div class=\"elementor-element elementor-element-a05f736 elementor-widget elementor-widget-heading\" data-id=\"a05f736\" data-element_type=\"widget\" data-widget_type=\"heading.default\">\n\t\t\t\t\t<p class=\"elementor-heading-title elementor-size-default\">RESERVAR TAULA<\/p>\t\t\t\t<\/div>\n\t\t\t\t<\/a>\n\t\t\t\t<\/div>\n\t\t\t\t<\/div>\n\t\t<div class=\"elementor-element elementor-element-2b0b4b6 e-con-full e-flex e-con e-child\" data-id=\"2b0b4b6\" data-element_type=\"container\">\n\t\t\t\t<div class=\"elementor-element elementor-element-2d7f7a4 elementor-pagination-position-outside elementor-widget elementor-widget-image-carousel\" data-id=\"2d7f7a4\" data-element_type=\"widget\" data-settings=\"{&quot;slides_to_show&quot;:&quot;1&quot;,&quot;navigation&quot;:&quot;dots&quot;,&quot;autoplay&quot;:&quot;yes&quot;,&quot;pause_on_hover&quot;:&quot;yes&quot;,&quot;pause_on_interaction&quot;:&quot;yes&quot;,&quot;autoplay_speed&quot;:5000,&quot;infinite&quot;:&quot;yes&quot;,&quot;effect&quot;:&quot;slide&quot;,&quot;speed&quot;:500}\" data-widget_type=\"image-carousel.default\">\n\t\t\t\t\t\t\t<div class=\"elementor-image-carousel-wrapper swiper\" role=\"region\" aria-roledescription=\"carousel\" aria-label=\"Carrusel de im\u00e1genes\" dir=\"ltr\">\n\t\t\t<div class=\"elementor-image-carousel swiper-wrapper\" aria-live=\"off\">\n\t\t\t\t\t\t\t\t<div class=\"swiper-slide\" role=\"group\" aria-roledescription=\"slide\" aria-label=\"1 de 1\"><figure class=\"swiper-slide-inner\"><img decoding=\"async\" class=\"swiper-slide-image\" src=\"https:\/\/elmolidalos.com\/wp-content\/uploads\/2026\/03\/Tartar-de-tomate-con-canonigos.jpeg\" alt=\"Amanida de tomata\" \/><\/figure><\/div>\t\t\t<\/div>\n\t\t\t\t\t<\/div>\n\t\t\t\t\t\t<\/div>\n\t\t\t\t<\/div>\n\t\t\t\t\t<\/div>\n\t\t\t\t<\/div>\n\t\t\t\t<\/div>\n\t\t","protected":false},"excerpt":{"rendered":"<p>EL NOSTRE HORT Cuina de proximitat, de veritat Al Mol\u00ed d\u2019Al\u00f2s fem servir verdures cultivades al nostre hort, sense pesticides i collides al punt just perqu\u00e8 en cada plat hi trobeu frescor i sabor aut\u00e8ntic. EL NOSTRE ORIGEN: L\u2019HORT DEL MOL\u00cd Qu\u00e8 va ser primer, el restaurant o l\u2019hort? L&#8217;hort.\u00a0\u00a0 Segur que hi est\u00e0s d\u2019acord: [&hellip;]<\/p>\n","protected":false},"author":1,"featured_media":0,"parent":0,"menu_order":0,"comment_status":"closed","ping_status":"closed","template":"","meta":{"_joinchat":[],"footnotes":""},"class_list":["post-295","page","type-page","status-publish","hentry"],"_links":{"self":[{"href":"https:\/\/elmolidalos.com\/es\/wp-json\/wp\/v2\/pages\/295","targetHints":{"allow":["GET"]}}],"collection":[{"href":"https:\/\/elmolidalos.com\/es\/wp-json\/wp\/v2\/pages"}],"about":[{"href":"https:\/\/elmolidalos.com\/es\/wp-json\/wp\/v2\/types\/page"}],"author":[{"embeddable":true,"href":"https:\/\/elmolidalos.com\/es\/wp-json\/wp\/v2\/users\/1"}],"replies":[{"embeddable":true,"href":"https:\/\/elmolidalos.com\/es\/wp-json\/wp\/v2\/comments?post=295"}],"version-history":[{"count":34,"href":"https:\/\/elmolidalos.com\/es\/wp-json\/wp\/v2\/pages\/295\/revisions"}],"predecessor-version":[{"id":723,"href":"https:\/\/elmolidalos.com\/es\/wp-json\/wp\/v2\/pages\/295\/revisions\/723"}],"wp:attachment":[{"href":"https:\/\/elmolidalos.com\/es\/wp-json\/wp\/v2\/media?parent=295"}],"curies":[{"name":"wp","href":"https:\/\/api.w.org\/{rel}","templated":true}]}}