{"id":267,"date":"2026-02-10T15:18:45","date_gmt":"2026-02-10T15:18:45","guid":{"rendered":"https:\/\/elmolidalos.com\/?page_id=267"},"modified":"2026-03-17T08:20:33","modified_gmt":"2026-03-17T08:20:33","slug":"dinar-sopar-empresa","status":"publish","type":"page","link":"https:\/\/elmolidalos.com\/es\/dinar-sopar-empresa\/","title":{"rendered":"Dinars i sopars d&#8217;empresa"},"content":{"rendered":"\t\t<div data-elementor-type=\"wp-page\" data-elementor-id=\"267\" class=\"elementor elementor-267\">\n\t\t\t\t<div class=\"elementor-element elementor-element-030e86c hero-banner e-flex e-con-boxed e-con e-parent\" data-id=\"030e86c\" data-element_type=\"container\" data-settings=\"{&quot;background_background&quot;:&quot;slideshow&quot;,&quot;background_slideshow_gallery&quot;:[{&quot;id&quot;:279,&quot;url&quot;:&quot;https:\\\/\\\/elmolidalos.com\\\/wp-content\\\/uploads\\\/2026\\\/02\\\/apats-empresa.jpg&quot;}],&quot;background_slideshow_loop&quot;:&quot;yes&quot;,&quot;background_slideshow_slide_duration&quot;:5000,&quot;background_slideshow_slide_transition&quot;:&quot;fade&quot;,&quot;background_slideshow_transition_duration&quot;:500}\">\n\t\t\t\t\t<div class=\"e-con-inner\">\n\t\t<div class=\"elementor-element elementor-element-d3b6e73 e-con-full banner-title e-flex e-con e-child\" data-id=\"d3b6e73\" data-element_type=\"container\">\n\t\t\t\t<div class=\"elementor-element elementor-element-6bdc508 elementor-widget elementor-widget-heading\" data-id=\"6bdc508\" data-element_type=\"widget\" data-widget_type=\"heading.default\">\n\t\t\t\t\t<h1 class=\"elementor-heading-title elementor-size-default\">DINARS I SOPARS D\u2019EMPRESA<\/h1>\t\t\t\t<\/div>\n\t\t\t\t<div class=\"elementor-element elementor-element-21812f1 elementor-widget elementor-widget-heading\" data-id=\"21812f1\" data-element_type=\"widget\" data-widget_type=\"heading.default\">\n\t\t\t\t\t<h1 class=\"elementor-heading-title elementor-size-default\"><span>Bona cuina, bon ambient i zero imprevistos<\/span><\/h1>\t\t\t\t<\/div>\n\t\t\t\t<div class=\"elementor-element elementor-element-9e677bc elementor-widget elementor-widget-heading\" data-id=\"9e677bc\" data-element_type=\"widget\" data-widget_type=\"heading.default\">\n\t\t\t\t\t<p class=\"elementor-heading-title elementor-size-default\">Organitzem el vostre dinar o sopar d'empresa ideal combinant productes de qualitat, un servei atent i la calma necess\u00e0ria perqu\u00e8 vosaltres nom\u00e9s h\u00e0giu de gaudir.\n<\/p>\t\t\t\t<\/div>\n\t\t\t\t<\/div>\n\t\t\t\t\t<\/div>\n\t\t\t\t<\/div>\n\t\t<div class=\"elementor-element elementor-element-a2a2348 e-flex e-con-boxed e-con e-parent\" data-id=\"a2a2348\" data-element_type=\"container\">\n\t\t\t\t\t<div class=\"e-con-inner\">\n\t\t<div class=\"elementor-element elementor-element-2600fb7 e-con-full e-flex e-con e-child\" data-id=\"2600fb7\" data-element_type=\"container\">\n\t\t<div class=\"elementor-element elementor-element-c41d9b7 e-con-full e-flex e-con e-child\" data-id=\"c41d9b7\" data-element_type=\"container\">\n\t\t<a class=\"elementor-element elementor-element-b847546 e-con-full btn-arrow e-flex e-con e-child\" data-id=\"b847546\" data-element_type=\"container\" href=\"#\">\n\t\t\t\t<div class=\"elementor-element elementor-element-3a51d8d elementor-widget elementor-widget-heading\" data-id=\"3a51d8d\" data-element_type=\"widget\" data-widget_type=\"heading.default\">\n\t\t\t\t\t<p class=\"elementor-heading-title elementor-size-default\">SOLUCIONS A MIDA PER AL TEU ESDEVENIMENT\n<\/p>\t\t\t\t<\/div>\n\t\t\t\t<\/a>\n\t\t<div class=\"elementor-element elementor-element-18526ef e-con-full btn-arrow e-flex e-con e-child\" data-id=\"18526ef\" data-element_type=\"container\">\n\t\t\t\t<div class=\"elementor-element elementor-element-43c194d elementor-widget elementor-widget-heading\" data-id=\"43c194d\" data-element_type=\"widget\" data-widget_type=\"heading.default\">\n\t\t\t\t\t<h3 class=\"elementor-heading-title elementor-size-default\">Gastronomia i tranquil\u00b7litat al servei del teu equip.<\/h3>\t\t\t\t<\/div>\n\t\t\t\t<div class=\"elementor-element elementor-element-4017b52 elementor-widget__width-initial elementor-widget-mobile__width-inherit elementor-widget elementor-widget-text-editor\" data-id=\"4017b52\" data-element_type=\"widget\" data-widget_type=\"text-editor.default\">\n\t\t\t\t\t\t\t\t\t<p>Organitzar un dinar de feina <strong>no ha de ser un maldecap<\/strong>.<br \/>Hem simplificat tot el proc\u00e9s perqu\u00e8, des de la reserva fins al brindis final, tot flueixi <strong>r\u00e0pid, f\u00e0cil i sense complicacions.<\/strong><\/p><p><em><strong>Qu\u00e8 us garantim?<\/strong><\/em><\/p><ul><li><strong>Confort:<\/strong> Espais privats per a 20\u201350 persones.<\/li><li><strong>Agilitat:<\/strong> Men\u00fas tancats i clars que faciliten la tria.<\/li><li><strong>Seguretat aliment\u00e0ria:<\/strong> Opcions adaptades a intoler\u00e0ncies i dietes especials.<\/li><li><strong>Flexibilitat:<\/strong> Adaptaci\u00f3 a les necessitats del vostre esdeveniment.<\/li><\/ul><p><strong>Reuniu el vostre equip i deixeu la resta a les nostres mans.\u00a0<\/strong><\/p>\t\t\t\t\t\t\t\t<\/div>\n\t\t\t\t<\/div>\n\t\t\t\t<\/div>\n\t\t\t\t<\/div>\n\t\t<div class=\"elementor-element elementor-element-06f9931 e-con-full e-flex e-con e-child\" data-id=\"06f9931\" data-element_type=\"container\">\n\t\t\t\t<div class=\"elementor-element elementor-element-98f6e83 carrusel-big2 elementor-pagination-position-outside elementor-widget elementor-widget-image-carousel\" data-id=\"98f6e83\" data-element_type=\"widget\" data-settings=\"{&quot;slides_to_show&quot;:&quot;1&quot;,&quot;navigation&quot;:&quot;dots&quot;,&quot;autoplay&quot;:&quot;yes&quot;,&quot;pause_on_hover&quot;:&quot;yes&quot;,&quot;pause_on_interaction&quot;:&quot;yes&quot;,&quot;autoplay_speed&quot;:5000,&quot;infinite&quot;:&quot;yes&quot;,&quot;effect&quot;:&quot;slide&quot;,&quot;speed&quot;:500}\" data-widget_type=\"image-carousel.default\">\n\t\t\t\t\t\t\t<div class=\"elementor-image-carousel-wrapper swiper\" role=\"region\" aria-roledescription=\"carousel\" aria-label=\"Carrusel de im\u00e1genes\" dir=\"ltr\">\n\t\t\t<div class=\"elementor-image-carousel swiper-wrapper\" aria-live=\"off\">\n\t\t\t\t\t\t\t\t<div class=\"swiper-slide\" role=\"group\" aria-roledescription=\"slide\" aria-label=\"1 de 3\"><figure class=\"swiper-slide-inner\"><img decoding=\"async\" class=\"swiper-slide-image\" src=\"https:\/\/elmolidalos.com\/wp-content\/uploads\/2026\/02\/sopar-empresa.jpg\" alt=\"Sopar d&#039;empresa nadal\" \/><\/figure><\/div><div class=\"swiper-slide\" role=\"group\" aria-roledescription=\"slide\" aria-label=\"2 de 3\"><figure class=\"swiper-slide-inner\"><img decoding=\"async\" class=\"swiper-slide-image\" src=\"https:\/\/elmolidalos.com\/wp-content\/uploads\/2026\/02\/ruta-del-vermut.jpg\" alt=\"restaurant rustic\" \/><\/figure><\/div><div class=\"swiper-slide\" role=\"group\" aria-roledescription=\"slide\" aria-label=\"3 de 3\"><figure class=\"swiper-slide-inner\"><img decoding=\"async\" class=\"swiper-slide-image\" src=\"https:\/\/elmolidalos.com\/wp-content\/uploads\/2026\/02\/Salo-restaurant-el-moli.jpg\" alt=\"Salo restaurant el moli\" \/><\/figure><\/div>\t\t\t<\/div>\n\t\t\t\t\t\t\t\n\t\t\t\t\t\t\t\t\t<div class=\"swiper-pagination\"><\/div>\n\t\t\t\t\t\t\t\t\t<\/div>\n\t\t\t\t\t\t<\/div>\n\t\t\t\t<\/div>\n\t\t\t\t\t<\/div>\n\t\t\t\t<\/div>\n\t\t<div class=\"elementor-element elementor-element-78ca164 e-flex e-con-boxed e-con e-parent\" data-id=\"78ca164\" data-element_type=\"container\">\n\t\t\t\t\t<div class=\"e-con-inner\">\n\t\t<div class=\"elementor-element elementor-element-8fc6103 e-con-full carrusel-big2 e-flex e-con e-child\" data-id=\"8fc6103\" data-element_type=\"container\">\n\t\t\t\t<div class=\"elementor-element elementor-element-127fb09 elementor-pagination-position-outside elementor-widget elementor-widget-image-carousel\" data-id=\"127fb09\" data-element_type=\"widget\" data-settings=\"{&quot;slides_to_show&quot;:&quot;1&quot;,&quot;navigation&quot;:&quot;dots&quot;,&quot;autoplay&quot;:&quot;yes&quot;,&quot;pause_on_hover&quot;:&quot;yes&quot;,&quot;pause_on_interaction&quot;:&quot;yes&quot;,&quot;autoplay_speed&quot;:5000,&quot;infinite&quot;:&quot;yes&quot;,&quot;effect&quot;:&quot;slide&quot;,&quot;speed&quot;:500}\" data-widget_type=\"image-carousel.default\">\n\t\t\t\t\t\t\t<div class=\"elementor-image-carousel-wrapper swiper\" role=\"region\" aria-roledescription=\"carousel\" aria-label=\"Carrusel de im\u00e1genes\" dir=\"ltr\">\n\t\t\t<div class=\"elementor-image-carousel swiper-wrapper\" aria-live=\"off\">\n\t\t\t\t\t\t\t\t<div class=\"swiper-slide\" role=\"group\" aria-roledescription=\"slide\" aria-label=\"1 de 1\"><figure class=\"swiper-slide-inner\"><img decoding=\"async\" class=\"swiper-slide-image\" src=\"https:\/\/elmolidalos.com\/wp-content\/uploads\/2026\/02\/rest.-el-moli.jpg\" alt=\"Restaurant rustic\" \/><\/figure><\/div>\t\t\t<\/div>\n\t\t\t\t\t<\/div>\n\t\t\t\t\t\t<\/div>\n\t\t\t\t<\/div>\n\t\t<div class=\"elementor-element elementor-element-6aefb55 e-con-full e-flex e-con e-child\" data-id=\"6aefb55\" data-element_type=\"container\">\n\t\t<div class=\"elementor-element elementor-element-38692d8 e-con-full e-flex e-con e-child\" data-id=\"38692d8\" data-element_type=\"container\">\n\t\t\t\t<div class=\"elementor-element elementor-element-6a8d7f2 elementor-widget elementor-widget-heading\" data-id=\"6a8d7f2\" data-element_type=\"widget\" data-widget_type=\"heading.default\">\n\t\t\t\t\t<h2 class=\"elementor-heading-title elementor-size-default\">\u00c0PATS D\u2019EMPRESA<\/h2>\t\t\t\t<\/div>\n\t\t\t\t<div class=\"elementor-element elementor-element-90d5d6b elementor-widget elementor-widget-heading\" data-id=\"90d5d6b\" data-element_type=\"widget\" data-widget_type=\"heading.default\">\n\t\t\t\t\t<h3 class=\"elementor-heading-title elementor-size-default\">Una proposta pensada per a cada ocasi\u00f3<\/h3>\t\t\t\t<\/div>\n\t\t\t\t<div class=\"elementor-element elementor-element-1070a3a elementor-widget__width-initial elementor-widget-mobile__width-inherit elementor-widget elementor-widget-text-editor\" data-id=\"1070a3a\" data-element_type=\"widget\" data-widget_type=\"text-editor.default\">\n\t\t\t\t\t\t\t\t\t<p>Cada empresa \u00e9s diferent, i per aix\u00f2 <strong>adaptem l\u2019espai, els temps i el men\u00fa<\/strong> perqu\u00e8 el vostre dinar o sopar de feina s\u2019ajusti exactament al que necessiteu.<\/p><p><strong><em>Oferim apats per a grups per a:<\/em><\/strong><\/p><ul data-start=\"1963\" data-end=\"2250\"><li data-start=\"1963\" data-end=\"2015\"><p>Sopars de Nadal<\/p><\/li><li data-start=\"1963\" data-end=\"2015\"><p>Dinars de final de temporada<\/p><\/li><li data-start=\"1963\" data-end=\"2015\"><p>\u00c0pats informals de departament<\/p><\/li><li data-start=\"1963\" data-end=\"2015\"><p>Esdeveniments d\u2019agra\u00efment a treballadors<\/p><\/li><li data-start=\"1963\" data-end=\"2015\"><p>Trobades de directius<\/p><\/li><li data-start=\"1963\" data-end=\"2015\"><p>Celebracions internes<\/p><\/li><li data-start=\"1963\" data-end=\"2015\">Servei de c\u00e0tering per a esdeveniments a qualsevol ubicaci\u00f3<\/li><\/ul><p data-start=\"2252\" data-end=\"2324\"><strong>Expliqueu-nos quina idea teniu i nosaltres la farem realitat.<\/strong> Estem preparats per dissenyar la proposta que millor encaixi amb els vostres objectius.<\/p>\t\t\t\t\t\t\t\t<\/div>\n\t\t\t\t<\/div>\n\t\t\t\t<\/div>\n\t\t\t\t\t<\/div>\n\t\t\t\t<\/div>\n\t\t<div class=\"elementor-element elementor-element-1a99049 e-flex e-con-boxed e-con e-parent\" data-id=\"1a99049\" data-element_type=\"container\">\n\t\t\t\t\t<div class=\"e-con-inner\">\n\t\t<div class=\"elementor-element elementor-element-83840c8 e-con-full e-flex e-con e-child\" data-id=\"83840c8\" data-element_type=\"container\">\n\t\t\t\t<div class=\"elementor-element elementor-element-97e29f1 elementor-widget elementor-widget-heading\" data-id=\"97e29f1\" data-element_type=\"widget\" data-widget_type=\"heading.default\">\n\t\t\t\t\t<h3 class=\"elementor-heading-title elementor-size-default\">QU\u00c8 ENS FA ESPECIALS?<\/h3>\t\t\t\t<\/div>\n\t\t\t\t<\/div>\n\t\t<div class=\"elementor-element elementor-element-2860817 e-grid e-con-full e-con e-child\" data-id=\"2860817\" data-element_type=\"container\">\n\t\t<div class=\"elementor-element elementor-element-73b0a32 e-con-full e-flex e-con e-child\" data-id=\"73b0a32\" data-element_type=\"container\" data-settings=\"{&quot;background_background&quot;:&quot;classic&quot;}\">\n\t\t<div class=\"elementor-element elementor-element-3658dc6 e-con-full e-flex e-con e-child\" data-id=\"3658dc6\" data-element_type=\"container\">\n\t\t\t\t<div class=\"elementor-element elementor-element-dd5d492 elementor-widget__width-initial elementor-widget elementor-widget-heading\" data-id=\"dd5d492\" data-element_type=\"widget\" data-widget_type=\"heading.default\">\n\t\t\t\t\t<h2 class=\"elementor-heading-title elementor-size-default\">Cuina honesta<\/h2>\t\t\t\t<\/div>\n\t\t\t\t<div class=\"elementor-element elementor-element-945c3c9 elementor-widget elementor-widget-text-editor\" data-id=\"945c3c9\" data-element_type=\"widget\" data-widget_type=\"text-editor.default\">\n\t\t\t\t\t\t\t\t\t<p><strong>Plats casolans<\/strong> elaborats amb producte fresc i <strong>verdures del nostre hort.<\/strong><br \/>Una proposta saborosa, equilibrada i <strong>apta per a tots els gustos<\/strong> del vostre equip.<\/p>\t\t\t\t\t\t\t\t<\/div>\n\t\t\t\t<\/div>\n\t\t\t\t<\/div>\n\t\t<div class=\"elementor-element elementor-element-eb96685 e-con-full e-flex e-con e-child\" data-id=\"eb96685\" data-element_type=\"container\" data-settings=\"{&quot;background_background&quot;:&quot;classic&quot;}\">\n\t\t<div class=\"elementor-element elementor-element-d224c9e e-con-full e-flex e-con e-child\" data-id=\"d224c9e\" data-element_type=\"container\">\n\t\t\t\t<div class=\"elementor-element elementor-element-2557fe8 elementor-widget__width-initial elementor-widget elementor-widget-heading\" data-id=\"2557fe8\" data-element_type=\"widget\" data-widget_type=\"heading.default\">\n\t\t\t\t\t<h2 class=\"elementor-heading-title elementor-size-default\">Espais vers\u00e0tils<\/h2>\t\t\t\t<\/div>\n\t\t\t\t<div class=\"elementor-element elementor-element-870db05 elementor-widget elementor-widget-text-editor\" data-id=\"870db05\" data-element_type=\"widget\" data-widget_type=\"text-editor.default\">\n\t\t\t\t\t\t\t\t\t<p><strong>Espais reservats,<\/strong> tranquils i configurables, pensats <strong>per acollir qualsevol \u00e0pat d\u2019empresa<\/strong> amb comoditat i privacitat.<\/p>\t\t\t\t\t\t\t\t<\/div>\n\t\t\t\t<\/div>\n\t\t\t\t<\/div>\n\t\t<div class=\"elementor-element elementor-element-1768d89 e-con-full e-flex e-con e-child\" data-id=\"1768d89\" data-element_type=\"container\" data-settings=\"{&quot;background_background&quot;:&quot;classic&quot;}\">\n\t\t<div class=\"elementor-element elementor-element-ca67549 e-con-full e-flex e-con e-child\" data-id=\"ca67549\" data-element_type=\"container\">\n\t\t\t\t<div class=\"elementor-element elementor-element-74e4fb8 elementor-widget__width-initial elementor-widget elementor-widget-heading\" data-id=\"74e4fb8\" data-element_type=\"widget\" data-widget_type=\"heading.default\">\n\t\t\t\t\t<h2 class=\"elementor-heading-title elementor-size-default\">Servei professional<\/h2>\t\t\t\t<\/div>\n\t\t\t\t<div class=\"elementor-element elementor-element-e56a159 elementor-widget elementor-widget-text-editor\" data-id=\"e56a159\" data-element_type=\"widget\" data-widget_type=\"text-editor.default\">\n\t\t\t\t\t\t\t\t\t<p>Atenci\u00f3 r\u00e0pida, <strong>comunicaci\u00f3 clara i una gesti\u00f3 f\u00e0cil<\/strong> de principi a fi.<br \/>Ens anticipem al que necessita una empresa perqu\u00e8 <strong>tot funcioni sense estr\u00e8s<\/strong>.<\/p>\t\t\t\t\t\t\t\t<\/div>\n\t\t\t\t<\/div>\n\t\t\t\t<\/div>\n\t\t\t\t<\/div>\n\t\t\t\t\t<\/div>\n\t\t\t\t<\/div>\n\t\t<div class=\"elementor-element elementor-element-c9148f2 e-flex e-con-boxed e-con e-parent\" data-id=\"c9148f2\" data-element_type=\"container\">\n\t\t\t\t\t<div class=\"e-con-inner\">\n\t\t<div class=\"elementor-element elementor-element-3f7228d e-con-full e-flex e-con e-child\" data-id=\"3f7228d\" data-element_type=\"container\">\n\t\t<div class=\"elementor-element elementor-element-e7dfb91 e-con-full e-flex e-con e-child\" data-id=\"e7dfb91\" data-element_type=\"container\">\n\t\t\t\t<div class=\"elementor-element elementor-element-befbda5 elementor-widget elementor-widget-heading\" data-id=\"befbda5\" data-element_type=\"widget\" data-widget_type=\"heading.default\">\n\t\t\t\t\t<h2 class=\"elementor-heading-title elementor-size-default\">EL TEU ESDEVENIMENT D'EMPRESA EN BONES MANS<\/h2>\t\t\t\t<\/div>\n\t\t\t\t<div class=\"elementor-element elementor-element-ea68ae2 elementor-widget elementor-widget-heading\" data-id=\"ea68ae2\" data-element_type=\"widget\" data-widget_type=\"heading.default\">\n\t\t\t\t\t<h3 class=\"elementor-heading-title elementor-size-default\">Fem de la vostra trobada d\u2019empresa una experi\u00e8ncia per recordar<\/h3>\t\t\t\t<\/div>\n\t\t\t\t<div class=\"elementor-element elementor-element-07ed27e elementor-widget__width-initial elementor-widget-mobile__width-inherit elementor-widget elementor-widget-text-editor\" data-id=\"07ed27e\" data-element_type=\"widget\" data-widget_type=\"text-editor.default\">\n\t\t\t\t\t\t\t\t\t<p><strong>Fem que el vostre dinar o sopar de feina sigui d\u2019aquells que tothom recorda<\/strong>: agradable, ben organitzat i sense cap imprevist.<\/p><p>Al Mol\u00ed d\u2019Al\u00f2s cuidem cada detall perqu\u00e8 el vostre equip se senti a gust:<br \/>cuina honesta, espais reservats i un servei professional que garanteix <strong>puntualitat, comoditat i una experi\u00e8ncia \u00e0gil de principi a fi.<\/strong><\/p><p>Si busqueu un lloc tranquil, amb bon menjar i una gesti\u00f3 que us faci la vida f\u00e0cil, som aqu\u00ed per ajudar-vos.<\/p><p>\ud83d\udc49 <strong>Contacteu-nos i prepararem una proposta a mida per al vostre equip.<\/strong><\/p>\t\t\t\t\t\t\t\t<\/div>\n\t\t\t\t<\/div>\n\t\t<div class=\"elementor-element elementor-element-8024773 e-con-full e-flex e-con e-child\" data-id=\"8024773\" data-element_type=\"container\">\n\t\t<a class=\"elementor-element elementor-element-4496a86 e-con-full btn-arrow e-flex e-con e-child\" data-id=\"4496a86\" data-element_type=\"container\" href=\"#\">\n\t\t\t\t<div class=\"elementor-element elementor-element-0da8f9d elementor-widget elementor-widget-image\" data-id=\"0da8f9d\" data-element_type=\"widget\" data-widget_type=\"image.default\">\n\t\t\t\t\t\t\t\t\t\t\t\t\t\t\t<img decoding=\"async\" width=\"234\" height=\"15\" src=\"https:\/\/elmolidalos.com\/wp-content\/uploads\/2026\/01\/arrow.png\" class=\"attachment-large size-large wp-image-53\" alt=\"\" \/>\t\t\t\t\t\t\t\t\t\t\t\t\t\t\t<\/div>\n\t\t\t\t<div class=\"elementor-element elementor-element-a05f736 elementor-widget elementor-widget-heading\" data-id=\"a05f736\" data-element_type=\"widget\" data-widget_type=\"heading.default\">\n\t\t\t\t\t<p class=\"elementor-heading-title elementor-size-default\">RESERVAR TAULA<\/p>\t\t\t\t<\/div>\n\t\t\t\t<\/a>\n\t\t\t\t<\/div>\n\t\t\t\t<\/div>\n\t\t<div class=\"elementor-element elementor-element-2b0b4b6 e-con-full e-flex e-con e-child\" data-id=\"2b0b4b6\" data-element_type=\"container\">\n\t\t\t\t<div class=\"elementor-element elementor-element-2d7f7a4 carrusel-big2 elementor-pagination-position-outside elementor-widget elementor-widget-image-carousel\" data-id=\"2d7f7a4\" data-element_type=\"widget\" data-settings=\"{&quot;slides_to_show&quot;:&quot;1&quot;,&quot;navigation&quot;:&quot;dots&quot;,&quot;autoplay&quot;:&quot;yes&quot;,&quot;pause_on_hover&quot;:&quot;yes&quot;,&quot;pause_on_interaction&quot;:&quot;yes&quot;,&quot;autoplay_speed&quot;:5000,&quot;infinite&quot;:&quot;yes&quot;,&quot;effect&quot;:&quot;slide&quot;,&quot;speed&quot;:500}\" data-widget_type=\"image-carousel.default\">\n\t\t\t\t\t\t\t<div class=\"elementor-image-carousel-wrapper swiper\" role=\"region\" aria-roledescription=\"carousel\" aria-label=\"Carrusel de im\u00e1genes\" dir=\"ltr\">\n\t\t\t<div class=\"elementor-image-carousel swiper-wrapper\" aria-live=\"off\">\n\t\t\t\t\t\t\t\t<div class=\"swiper-slide\" role=\"group\" aria-roledescription=\"slide\" aria-label=\"1 de 1\"><figure class=\"swiper-slide-inner\"><img decoding=\"async\" class=\"swiper-slide-image\" src=\"https:\/\/elmolidalos.com\/wp-content\/uploads\/2026\/02\/Restaurant-amb-terrassa.jpg\" alt=\"tardeo lleida\" \/><\/figure><\/div>\t\t\t<\/div>\n\t\t\t\t\t<\/div>\n\t\t\t\t\t\t<\/div>\n\t\t\t\t<\/div>\n\t\t\t\t\t<\/div>\n\t\t\t\t<\/div>\n\t\t\t\t<\/div>\n\t\t","protected":false},"excerpt":{"rendered":"<p>DINARS I SOPARS D\u2019EMPRESA Bona cuina, bon ambient i zero imprevistos Organitzem el vostre dinar o sopar d&#8217;empresa ideal combinant productes de qualitat, un servei atent i la calma necess\u00e0ria perqu\u00e8 vosaltres nom\u00e9s h\u00e0giu de gaudir. SOLUCIONS A MIDA PER AL TEU ESDEVENIMENT Gastronomia i tranquil\u00b7litat al servei del teu equip. Organitzar un dinar de [&hellip;]<\/p>\n","protected":false},"author":1,"featured_media":0,"parent":0,"menu_order":0,"comment_status":"closed","ping_status":"closed","template":"","meta":{"_joinchat":[],"footnotes":""},"class_list":["post-267","page","type-page","status-publish","hentry"],"_links":{"self":[{"href":"https:\/\/elmolidalos.com\/es\/wp-json\/wp\/v2\/pages\/267","targetHints":{"allow":["GET"]}}],"collection":[{"href":"https:\/\/elmolidalos.com\/es\/wp-json\/wp\/v2\/pages"}],"about":[{"href":"https:\/\/elmolidalos.com\/es\/wp-json\/wp\/v2\/types\/page"}],"author":[{"embeddable":true,"href":"https:\/\/elmolidalos.com\/es\/wp-json\/wp\/v2\/users\/1"}],"replies":[{"embeddable":true,"href":"https:\/\/elmolidalos.com\/es\/wp-json\/wp\/v2\/comments?post=267"}],"version-history":[{"count":43,"href":"https:\/\/elmolidalos.com\/es\/wp-json\/wp\/v2\/pages\/267\/revisions"}],"predecessor-version":[{"id":663,"href":"https:\/\/elmolidalos.com\/es\/wp-json\/wp\/v2\/pages\/267\/revisions\/663"}],"wp:attachment":[{"href":"https:\/\/elmolidalos.com\/es\/wp-json\/wp\/v2\/media?parent=267"}],"curies":[{"name":"wp","href":"https:\/\/api.w.org\/{rel}","templated":true}]}}