{"id":235,"date":"2026-02-05T16:33:15","date_gmt":"2026-02-05T16:33:15","guid":{"rendered":"https:\/\/elmolidalos.com\/?page_id=235"},"modified":"2026-03-17T08:19:52","modified_gmt":"2026-03-17T08:19:52","slug":"servei-de-catering","status":"publish","type":"page","link":"https:\/\/elmolidalos.com\/es\/servei-de-catering\/","title":{"rendered":"Servei de catering"},"content":{"rendered":"\t\t<div data-elementor-type=\"wp-page\" data-elementor-id=\"235\" class=\"elementor elementor-235\">\n\t\t\t\t<div class=\"elementor-element elementor-element-030e86c hero-banner e-flex e-con-boxed e-con e-parent\" data-id=\"030e86c\" data-element_type=\"container\" data-settings=\"{&quot;background_background&quot;:&quot;slideshow&quot;,&quot;background_slideshow_gallery&quot;:[{&quot;id&quot;:236,&quot;url&quot;:&quot;https:\\\/\\\/elmolidalos.com\\\/wp-content\\\/uploads\\\/2026\\\/02\\\/servei-de-catering-restaurant-El-moli.jpg&quot;}],&quot;background_slideshow_loop&quot;:&quot;yes&quot;,&quot;background_slideshow_slide_duration&quot;:5000,&quot;background_slideshow_slide_transition&quot;:&quot;fade&quot;,&quot;background_slideshow_transition_duration&quot;:500}\">\n\t\t\t\t\t<div class=\"e-con-inner\">\n\t\t<div class=\"elementor-element elementor-element-d3b6e73 e-con-full banner-title e-flex e-con e-child\" data-id=\"d3b6e73\" data-element_type=\"container\">\n\t\t\t\t<div class=\"elementor-element elementor-element-6bdc508 elementor-widget elementor-widget-heading\" data-id=\"6bdc508\" data-element_type=\"widget\" data-widget_type=\"heading.default\">\n\t\t\t\t\t<h1 class=\"elementor-heading-title elementor-size-default\">CATERING PER A ESDEVENIMENTS <\/h1>\t\t\t\t<\/div>\n\t\t\t\t<div class=\"elementor-element elementor-element-21812f1 elementor-widget elementor-widget-heading\" data-id=\"21812f1\" data-element_type=\"widget\" data-widget_type=\"heading.default\">\n\t\t\t\t\t<h1 class=\"elementor-heading-title elementor-size-default\"><span>Bon menjar per als moments que importen.<\/span><\/h1>\t\t\t\t<\/div>\n\t\t\t\t<div class=\"elementor-element elementor-element-9e677bc elementor-widget elementor-widget-heading\" data-id=\"9e677bc\" data-element_type=\"widget\" data-widget_type=\"heading.default\">\n\t\t\t\t\t<p class=\"elementor-heading-title elementor-size-default\">Un servei vers\u00e0til per a actes p\u00fablics i esdeveniments personals: dinars populars, festes de poble, aniversaris, trobades familiars i molt m\u00e9s.<\/p>\t\t\t\t<\/div>\n\t\t\t\t<\/div>\n\t\t\t\t\t<\/div>\n\t\t\t\t<\/div>\n\t\t<div class=\"elementor-element elementor-element-a2a2348 e-flex e-con-boxed e-con e-parent\" data-id=\"a2a2348\" data-element_type=\"container\">\n\t\t\t\t\t<div class=\"e-con-inner\">\n\t\t<div class=\"elementor-element elementor-element-2600fb7 e-con-full e-flex e-con e-child\" data-id=\"2600fb7\" data-element_type=\"container\">\n\t\t<div class=\"elementor-element elementor-element-d6b3c4e e-con-full e-flex e-con e-child\" data-id=\"d6b3c4e\" data-element_type=\"container\">\n\t\t\t\t<div class=\"elementor-element elementor-element-6e09fc9 elementor-widget elementor-widget-heading\" data-id=\"6e09fc9\" data-element_type=\"widget\" data-widget_type=\"heading.default\">\n\t\t\t\t\t<h2 class=\"elementor-heading-title elementor-size-default\">SERVEI DE CATERING A PROP DE LLEIDA<\/h2>\t\t\t\t<\/div>\n\t\t\t\t<div class=\"elementor-element elementor-element-43c194d elementor-widget elementor-widget-heading\" data-id=\"43c194d\" data-element_type=\"widget\" data-widget_type=\"heading.default\">\n\t\t\t\t\t<h3 class=\"elementor-heading-title elementor-size-default\">Un c\u00e0tering per als moments que importen.<\/h3>\t\t\t\t<\/div>\n\t\t\t\t<div class=\"elementor-element elementor-element-4017b52 elementor-widget__width-initial elementor-widget-mobile__width-inherit elementor-widget elementor-widget-text-editor\" data-id=\"4017b52\" data-element_type=\"widget\" data-widget_type=\"text-editor.default\">\n\t\t\t\t\t\t\t\t\t<p>Amb el nostre servei de catering portem la ess\u00e8ncia del Mol\u00ed d\u2019Al\u00f2s m\u00e9s enll\u00e0 del restaurant: <strong>cuina de xup-xup, producte de proximitat<\/strong> i sabors que recorden els \u00e0pats de sempre.<\/p><p>A cada esdeveniment hi posem la mateixa dedicaci\u00f3 que a la nostra cuina: <strong>plats fets amb cura, organitzaci\u00f3 clara i un tracte proper<\/strong> que fa f\u00e0cil qualsevol celebraci\u00f3.<\/p><p><strong>No fem c\u00e0terings industrials<\/strong>. Preparem men\u00fas equilibrats, receptes casolanes i <strong>opcions per a totes les edats i condicions<\/strong>.<\/p><p>Vosaltres poseu la celebraci\u00f3; nosaltres hi posem el sabor.<\/p>\t\t\t\t\t\t\t\t<\/div>\n\t\t\t\t<\/div>\n\t\t<div class=\"elementor-element elementor-element-c41d9b7 e-con-full e-flex e-con e-child\" data-id=\"c41d9b7\" data-element_type=\"container\">\n\t\t<a class=\"elementor-element elementor-element-b847546 e-con-full btn-arrow e-flex e-con e-child\" data-id=\"b847546\" data-element_type=\"container\" href=\"#\">\n\t\t\t\t<div class=\"elementor-element elementor-element-a763519 elementor-widget elementor-widget-image\" data-id=\"a763519\" data-element_type=\"widget\" data-widget_type=\"image.default\">\n\t\t\t\t\t\t\t\t\t\t\t\t\t\t\t<img decoding=\"async\" width=\"234\" height=\"15\" src=\"https:\/\/elmolidalos.com\/wp-content\/uploads\/2026\/01\/arrow.png\" class=\"attachment-large size-large wp-image-53\" alt=\"\" \/>\t\t\t\t\t\t\t\t\t\t\t\t\t\t\t<\/div>\n\t\t\t\t<div class=\"elementor-element elementor-element-3a51d8d elementor-widget elementor-widget-heading\" data-id=\"3a51d8d\" data-element_type=\"widget\" data-widget_type=\"heading.default\">\n\t\t\t\t\t<p class=\"elementor-heading-title elementor-size-default\">CONTACTA AMB NOSASTRES\n<\/p>\t\t\t\t<\/div>\n\t\t\t\t<\/a>\n\t\t\t\t<\/div>\n\t\t\t\t<\/div>\n\t\t<div class=\"elementor-element elementor-element-06f9931 e-con-full e-flex e-con e-child\" data-id=\"06f9931\" data-element_type=\"container\">\n\t\t\t\t<div class=\"elementor-element elementor-element-98f6e83 carrusel-big2 elementor-pagination-position-outside elementor-widget elementor-widget-image-carousel\" data-id=\"98f6e83\" data-element_type=\"widget\" data-settings=\"{&quot;slides_to_show&quot;:&quot;1&quot;,&quot;navigation&quot;:&quot;dots&quot;,&quot;autoplay&quot;:&quot;yes&quot;,&quot;pause_on_hover&quot;:&quot;yes&quot;,&quot;pause_on_interaction&quot;:&quot;yes&quot;,&quot;autoplay_speed&quot;:5000,&quot;infinite&quot;:&quot;yes&quot;,&quot;effect&quot;:&quot;slide&quot;,&quot;speed&quot;:500}\" data-widget_type=\"image-carousel.default\">\n\t\t\t\t\t\t\t<div class=\"elementor-image-carousel-wrapper swiper\" role=\"region\" aria-roledescription=\"carousel\" aria-label=\"Carrusel de im\u00e1genes\" dir=\"ltr\">\n\t\t\t<div class=\"elementor-image-carousel swiper-wrapper\" aria-live=\"off\">\n\t\t\t\t\t\t\t\t<div class=\"swiper-slide\" role=\"group\" aria-roledescription=\"slide\" aria-label=\"1 de 3\"><figure class=\"swiper-slide-inner\"><img decoding=\"async\" class=\"swiper-slide-image\" src=\"https:\/\/elmolidalos.com\/wp-content\/uploads\/2026\/02\/servei-gastronomic.jpg\" alt=\"servei de restauracio\" \/><\/figure><\/div><div class=\"swiper-slide\" role=\"group\" aria-roledescription=\"slide\" aria-label=\"2 de 3\"><figure class=\"swiper-slide-inner\"><img decoding=\"async\" class=\"swiper-slide-image\" src=\"https:\/\/elmolidalos.com\/wp-content\/uploads\/2026\/02\/menjars-casolans.jpg\" alt=\"menjar preparat per a celebracions\" \/><\/figure><\/div><div class=\"swiper-slide\" role=\"group\" aria-roledescription=\"slide\" aria-label=\"3 de 3\"><figure class=\"swiper-slide-inner\"><img decoding=\"async\" class=\"swiper-slide-image\" src=\"https:\/\/elmolidalos.com\/wp-content\/uploads\/2026\/02\/catering-per-a-celebracions.jpg\" alt=\"catering per a dinars populars\" \/><\/figure><\/div>\t\t\t<\/div>\n\t\t\t\t\t\t\t\n\t\t\t\t\t\t\t\t\t<div class=\"swiper-pagination\"><\/div>\n\t\t\t\t\t\t\t\t\t<\/div>\n\t\t\t\t\t\t<\/div>\n\t\t\t\t<\/div>\n\t\t\t\t\t<\/div>\n\t\t\t\t<\/div>\n\t\t<div class=\"elementor-element elementor-element-78ca164 e-flex e-con-boxed e-con e-parent\" data-id=\"78ca164\" data-element_type=\"container\">\n\t\t\t\t\t<div class=\"e-con-inner\">\n\t\t<div class=\"elementor-element elementor-element-8fc6103 e-con-full e-flex e-con e-child\" data-id=\"8fc6103\" data-element_type=\"container\">\n\t\t\t\t<div class=\"elementor-element elementor-element-127fb09 carrusel-big2 elementor-pagination-position-outside elementor-widget elementor-widget-image-carousel\" data-id=\"127fb09\" data-element_type=\"widget\" data-settings=\"{&quot;slides_to_show&quot;:&quot;1&quot;,&quot;navigation&quot;:&quot;dots&quot;,&quot;autoplay&quot;:&quot;yes&quot;,&quot;pause_on_hover&quot;:&quot;yes&quot;,&quot;pause_on_interaction&quot;:&quot;yes&quot;,&quot;autoplay_speed&quot;:5000,&quot;infinite&quot;:&quot;yes&quot;,&quot;effect&quot;:&quot;slide&quot;,&quot;speed&quot;:500}\" data-widget_type=\"image-carousel.default\">\n\t\t\t\t\t\t\t<div class=\"elementor-image-carousel-wrapper swiper\" role=\"region\" aria-roledescription=\"carousel\" aria-label=\"Carrusel de im\u00e1genes\" dir=\"ltr\">\n\t\t\t<div class=\"elementor-image-carousel swiper-wrapper\" aria-live=\"off\">\n\t\t\t\t\t\t\t\t<div class=\"swiper-slide\" role=\"group\" aria-roledescription=\"slide\" aria-label=\"1 de 1\"><figure class=\"swiper-slide-inner\"><img decoding=\"async\" class=\"swiper-slide-image\" src=\"https:\/\/elmolidalos.com\/wp-content\/uploads\/2026\/02\/aperitius-restaurant-el-moli.jpg\" alt=\"tapes i coctels\" \/><\/figure><\/div>\t\t\t<\/div>\n\t\t\t\t\t<\/div>\n\t\t\t\t\t\t<\/div>\n\t\t\t\t<\/div>\n\t\t<div class=\"elementor-element elementor-element-6aefb55 e-con-full e-flex e-con e-child\" data-id=\"6aefb55\" data-element_type=\"container\">\n\t\t<div class=\"elementor-element elementor-element-38692d8 e-con-full e-flex e-con e-child\" data-id=\"38692d8\" data-element_type=\"container\">\n\t\t\t\t<div class=\"elementor-element elementor-element-6a8d7f2 elementor-widget elementor-widget-heading\" data-id=\"6a8d7f2\" data-element_type=\"widget\" data-widget_type=\"heading.default\">\n\t\t\t\t\t<h2 class=\"elementor-heading-title elementor-size-default\">TIPUS DE CATERING QUE ORGANITZEM<\/h2>\t\t\t\t<\/div>\n\t\t\t\t<div class=\"elementor-element elementor-element-90d5d6b elementor-widget elementor-widget-heading\" data-id=\"90d5d6b\" data-element_type=\"widget\" data-widget_type=\"heading.default\">\n\t\t\t\t\t<h3 class=\"elementor-heading-title elementor-size-default\">Bon menjar per a qualsevol ocasi\u00f3.<\/h3>\t\t\t\t<\/div>\n\t\t\t\t<div class=\"elementor-element elementor-element-1070a3a elementor-widget__width-initial elementor-widget-mobile__width-inherit elementor-widget elementor-widget-text-editor\" data-id=\"1070a3a\" data-element_type=\"widget\" data-widget_type=\"text-editor.default\">\n\t\t\t\t\t\t\t\t\t<p>Celebracions pensades per a qui busca bon menjar, proximitat i un servei sense complicacions.<\/p><p><em><strong data-start=\"1947\" data-end=\"1962\">Qu\u00e8 organitzem?<\/strong><\/em><\/p><ul data-start=\"1963\" data-end=\"2250\"><li data-start=\"1963\" data-end=\"2015\"><p>Dinars populars, sopars de germanor, festes majors.<\/p><\/li><li data-start=\"1963\" data-end=\"2015\"><p>Vermuts i tardeos populars<\/p><\/li><li data-start=\"1963\" data-end=\"2015\"><p>Actes municipals i esdeveniments culturals.<\/p><\/li><li data-start=\"1963\" data-end=\"2015\"><p>\u00c0pats per a associacions, colles i clubs.<\/p><\/li><li data-start=\"1963\" data-end=\"2015\"><p>Celebracions privades i familiars.<\/p><\/li><li data-start=\"1963\" data-end=\"2015\"><p>Esmorzars i dinars d\u2019empresa.<\/p><\/li><\/ul><p data-start=\"2252\" data-end=\"2324\"><strong>Ens encarreguem del menjar i de la preparaci\u00f3 perqu\u00e8 vosaltres nom\u00e9s h\u00e0giu de gaudir.<\/strong><\/p>\t\t\t\t\t\t\t\t<\/div>\n\t\t\t\t<\/div>\n\t\t\t\t<\/div>\n\t\t\t\t\t<\/div>\n\t\t\t\t<\/div>\n\t\t<div class=\"elementor-element elementor-element-1a99049 e-flex e-con-boxed e-con e-parent\" data-id=\"1a99049\" data-element_type=\"container\">\n\t\t\t\t\t<div class=\"e-con-inner\">\n\t\t<div class=\"elementor-element elementor-element-83840c8 e-con-full e-flex e-con e-child\" data-id=\"83840c8\" data-element_type=\"container\">\n\t\t\t\t<div class=\"elementor-element elementor-element-97e29f1 elementor-widget elementor-widget-heading\" data-id=\"97e29f1\" data-element_type=\"widget\" data-widget_type=\"heading.default\">\n\t\t\t\t\t<h3 class=\"elementor-heading-title elementor-size-default\">QU\u00c8 ENS FA ESPECIALS?<\/h3>\t\t\t\t<\/div>\n\t\t\t\t<\/div>\n\t\t<div class=\"elementor-element elementor-element-2860817 e-grid e-con-full e-con e-child\" data-id=\"2860817\" data-element_type=\"container\">\n\t\t<div class=\"elementor-element elementor-element-73b0a32 e-con-full e-flex e-con e-child\" data-id=\"73b0a32\" data-element_type=\"container\" data-settings=\"{&quot;background_background&quot;:&quot;classic&quot;}\">\n\t\t<div class=\"elementor-element elementor-element-3658dc6 e-con-full e-flex e-con e-child\" data-id=\"3658dc6\" data-element_type=\"container\">\n\t\t\t\t<div class=\"elementor-element elementor-element-dd5d492 elementor-widget__width-initial elementor-widget elementor-widget-heading\" data-id=\"dd5d492\" data-element_type=\"widget\" data-widget_type=\"heading.default\">\n\t\t\t\t\t<h3 class=\"elementor-heading-title elementor-size-default\">Cuina de tota la vida<\/h3>\t\t\t\t<\/div>\n\t\t\t\t<div class=\"elementor-element elementor-element-945c3c9 elementor-widget elementor-widget-text-editor\" data-id=\"945c3c9\" data-element_type=\"widget\" data-widget_type=\"text-editor.default\">\n\t\t\t\t\t\t\t\t\t<p>Plats que recorden els dinars de sempre, cuinats amb temps i pensats per compartir en companyia.<\/p>\t\t\t\t\t\t\t\t<\/div>\n\t\t\t\t<\/div>\n\t\t\t\t<\/div>\n\t\t<div class=\"elementor-element elementor-element-eb96685 e-con-full e-flex e-con e-child\" data-id=\"eb96685\" data-element_type=\"container\" data-settings=\"{&quot;background_background&quot;:&quot;classic&quot;}\">\n\t\t<div class=\"elementor-element elementor-element-d224c9e e-con-full e-flex e-con e-child\" data-id=\"d224c9e\" data-element_type=\"container\">\n\t\t\t\t<div class=\"elementor-element elementor-element-2557fe8 elementor-widget__width-initial elementor-widget elementor-widget-heading\" data-id=\"2557fe8\" data-element_type=\"widget\" data-widget_type=\"heading.default\">\n\t\t\t\t\t<h3 class=\"elementor-heading-title elementor-size-default\">Producte local<\/h3>\t\t\t\t<\/div>\n\t\t\t\t<div class=\"elementor-element elementor-element-870db05 elementor-widget elementor-widget-text-editor\" data-id=\"870db05\" data-element_type=\"widget\" data-widget_type=\"text-editor.default\">\n\t\t\t\t\t\t\t\t\t<p>Ingredients de proximitat, verdures del nostre hort i elaboracions pr\u00f2pies que donen autenticitat i qualitat a cada men\u00fa.<\/p>\t\t\t\t\t\t\t\t<\/div>\n\t\t\t\t<\/div>\n\t\t\t\t<\/div>\n\t\t<div class=\"elementor-element elementor-element-1768d89 e-con-full e-flex e-con e-child\" data-id=\"1768d89\" data-element_type=\"container\" data-settings=\"{&quot;background_background&quot;:&quot;classic&quot;}\">\n\t\t<div class=\"elementor-element elementor-element-ca67549 e-con-full e-flex e-con e-child\" data-id=\"ca67549\" data-element_type=\"container\">\n\t\t\t\t<div class=\"elementor-element elementor-element-74e4fb8 elementor-widget__width-initial elementor-widget elementor-widget-heading\" data-id=\"74e4fb8\" data-element_type=\"widget\" data-widget_type=\"heading.default\">\n\t\t\t\t\t<h2 class=\"elementor-heading-title elementor-size-default\">Tracte proper<\/h2>\t\t\t\t<\/div>\n\t\t\t\t<div class=\"elementor-element elementor-element-e56a159 elementor-widget elementor-widget-text-editor\" data-id=\"e56a159\" data-element_type=\"widget\" data-widget_type=\"text-editor.default\">\n\t\t\t\t\t\t\t\t\t<p>Us escoltem, ens adaptem i organitzem un c\u00e0tering f\u00e0cil i ben resolt. Volem que tot flueixi perqu\u00e8 nom\u00e9s h\u00e0giu de gaudir.<\/p>\t\t\t\t\t\t\t\t<\/div>\n\t\t\t\t<\/div>\n\t\t\t\t<\/div>\n\t\t\t\t<\/div>\n\t\t\t\t\t<\/div>\n\t\t\t\t<\/div>\n\t\t<div class=\"elementor-element elementor-element-c9148f2 e-flex e-con-boxed e-con e-parent\" data-id=\"c9148f2\" data-element_type=\"container\">\n\t\t\t\t\t<div class=\"e-con-inner\">\n\t\t<div class=\"elementor-element elementor-element-3f7228d e-con-full e-flex e-con e-child\" data-id=\"3f7228d\" data-element_type=\"container\">\n\t\t<div class=\"elementor-element elementor-element-e7dfb91 e-con-full e-flex e-con e-child\" data-id=\"e7dfb91\" data-element_type=\"container\">\n\t\t\t\t<div class=\"elementor-element elementor-element-befbda5 elementor-widget elementor-widget-heading\" data-id=\"befbda5\" data-element_type=\"widget\" data-widget_type=\"heading.default\">\n\t\t\t\t\t<h2 class=\"elementor-heading-title elementor-size-default\">SERVEI COMPLET I SENSE MALDECAPS<\/h2>\t\t\t\t<\/div>\n\t\t\t\t<div class=\"elementor-element elementor-element-ea68ae2 elementor-widget elementor-widget-heading\" data-id=\"ea68ae2\" data-element_type=\"widget\" data-widget_type=\"heading.default\">\n\t\t\t\t\t<h3 class=\"elementor-heading-title elementor-size-default\">Tot el que necessita el vostre esdeveniment, ho portem nosaltres.<\/h3>\t\t\t\t<\/div>\n\t\t\t\t<div class=\"elementor-element elementor-element-07ed27e elementor-widget__width-initial elementor-widget-mobile__width-inherit elementor-widget elementor-widget-text-editor\" data-id=\"07ed27e\" data-element_type=\"widget\" data-widget_type=\"text-editor.default\">\n\t\t\t\t\t\t\t\t\t<p>Al Mol\u00ed d\u2019Al\u00f2s oferim un <strong>servei gastron\u00f2mic complet<\/strong> pensat per a ajuntaments, entitats i colles que necessiten una soluci\u00f3 f\u00e0cil i fiable.<\/p><p><strong>Preparem els plats al restaurant, els portem al lloc de l\u2019esdeveniment i deixem tot muntat<\/strong> perqu\u00e8 la celebraci\u00f3 flueixi. Arribem amb temps, organitzem les taules i servim el menjar en el moment adequat.<\/p><p><em><strong>Qu\u00e8 oferim?<\/strong><\/em><\/p><ul><li>Preparaci\u00f3 i transport del menjar.<\/li><li>Coordinaci\u00f3 amb l\u2019espai i responsables.<\/li><li>Muntatge de taules i presentaci\u00f3.<\/li><li>Opcions per a grups de 50 a 200 persones.<\/li><\/ul><p>Format bufet o emplatat, segons l\u2019acte.<\/p><p><strong>Vosaltres poseu la festa; nosaltres hi posem el sabor i l\u2019organitzaci\u00f3<\/strong>.<\/p>\t\t\t\t\t\t\t\t<\/div>\n\t\t\t\t<\/div>\n\t\t<div class=\"elementor-element elementor-element-8024773 e-con-full e-flex e-con e-child\" data-id=\"8024773\" data-element_type=\"container\">\n\t\t<a class=\"elementor-element elementor-element-4496a86 e-con-full btn-arrow e-flex e-con e-child\" data-id=\"4496a86\" data-element_type=\"container\" href=\"#\">\n\t\t\t\t<div class=\"elementor-element elementor-element-162c2d2 elementor-widget elementor-widget-image\" data-id=\"162c2d2\" data-element_type=\"widget\" data-widget_type=\"image.default\">\n\t\t\t\t\t\t\t\t\t\t\t\t\t\t\t<img decoding=\"async\" width=\"234\" height=\"15\" src=\"https:\/\/elmolidalos.com\/wp-content\/uploads\/2026\/01\/arrow.png\" class=\"attachment-large size-large wp-image-53\" alt=\"\" \/>\t\t\t\t\t\t\t\t\t\t\t\t\t\t\t<\/div>\n\t\t\t\t<div class=\"elementor-element elementor-element-a05f736 elementor-widget elementor-widget-heading\" data-id=\"a05f736\" data-element_type=\"widget\" data-widget_type=\"heading.default\">\n\t\t\t\t\t<p class=\"elementor-heading-title elementor-size-default\">DEMANEU UNA PROPOSTA DE MEN\u00da PERSONALITZADA<\/p>\t\t\t\t<\/div>\n\t\t\t\t<\/a>\n\t\t\t\t<\/div>\n\t\t\t\t<\/div>\n\t\t<div class=\"elementor-element elementor-element-2b0b4b6 e-con-full e-flex e-con e-child\" data-id=\"2b0b4b6\" data-element_type=\"container\">\n\t\t\t\t<div class=\"elementor-element elementor-element-2d7f7a4 carrusel-big2 elementor-pagination-position-outside elementor-widget elementor-widget-image-carousel\" data-id=\"2d7f7a4\" data-element_type=\"widget\" data-settings=\"{&quot;slides_to_show&quot;:&quot;1&quot;,&quot;navigation&quot;:&quot;dots&quot;,&quot;autoplay&quot;:&quot;yes&quot;,&quot;pause_on_hover&quot;:&quot;yes&quot;,&quot;pause_on_interaction&quot;:&quot;yes&quot;,&quot;autoplay_speed&quot;:5000,&quot;infinite&quot;:&quot;yes&quot;,&quot;effect&quot;:&quot;slide&quot;,&quot;speed&quot;:500}\" data-widget_type=\"image-carousel.default\">\n\t\t\t\t\t\t\t<div class=\"elementor-image-carousel-wrapper swiper\" role=\"region\" aria-roledescription=\"carousel\" aria-label=\"Carrusel de im\u00e1genes\" dir=\"ltr\">\n\t\t\t<div class=\"elementor-image-carousel swiper-wrapper\" aria-live=\"off\">\n\t\t\t\t\t\t\t\t<div class=\"swiper-slide\" role=\"group\" aria-roledescription=\"slide\" aria-label=\"1 de 1\"><figure class=\"swiper-slide-inner\"><img decoding=\"async\" class=\"swiper-slide-image\" src=\"https:\/\/elmolidalos.com\/wp-content\/uploads\/2026\/02\/parament-de-taula.jpg\" alt=\"catering per a festes populars\" \/><\/figure><\/div>\t\t\t<\/div>\n\t\t\t\t\t<\/div>\n\t\t\t\t\t\t<\/div>\n\t\t\t\t<\/div>\n\t\t\t\t\t<\/div>\n\t\t\t\t<\/div>\n\t\t\t\t<\/div>\n\t\t","protected":false},"excerpt":{"rendered":"<p>CATERING PER A ESDEVENIMENTS Bon menjar per als moments que importen. Un servei vers\u00e0til per a actes p\u00fablics i esdeveniments personals: dinars populars, festes de poble, aniversaris, trobades familiars i molt m\u00e9s. SERVEI DE CATERING A PROP DE LLEIDA Un c\u00e0tering per als moments que importen. Amb el nostre servei de catering portem la ess\u00e8ncia [&hellip;]<\/p>\n","protected":false},"author":1,"featured_media":0,"parent":0,"menu_order":0,"comment_status":"closed","ping_status":"closed","template":"","meta":{"_joinchat":[],"footnotes":""},"class_list":["post-235","page","type-page","status-publish","hentry"],"_links":{"self":[{"href":"https:\/\/elmolidalos.com\/es\/wp-json\/wp\/v2\/pages\/235","targetHints":{"allow":["GET"]}}],"collection":[{"href":"https:\/\/elmolidalos.com\/es\/wp-json\/wp\/v2\/pages"}],"about":[{"href":"https:\/\/elmolidalos.com\/es\/wp-json\/wp\/v2\/types\/page"}],"author":[{"embeddable":true,"href":"https:\/\/elmolidalos.com\/es\/wp-json\/wp\/v2\/users\/1"}],"replies":[{"embeddable":true,"href":"https:\/\/elmolidalos.com\/es\/wp-json\/wp\/v2\/comments?post=235"}],"version-history":[{"count":25,"href":"https:\/\/elmolidalos.com\/es\/wp-json\/wp\/v2\/pages\/235\/revisions"}],"predecessor-version":[{"id":660,"href":"https:\/\/elmolidalos.com\/es\/wp-json\/wp\/v2\/pages\/235\/revisions\/660"}],"wp:attachment":[{"href":"https:\/\/elmolidalos.com\/es\/wp-json\/wp\/v2\/media?parent=235"}],"curies":[{"name":"wp","href":"https:\/\/api.w.org\/{rel}","templated":true}]}}