{"id":210,"date":"2026-02-03T15:41:40","date_gmt":"2026-02-03T15:41:40","guid":{"rendered":"https:\/\/elmolidalos.com\/?page_id=210"},"modified":"2026-03-16T10:55:58","modified_gmt":"2026-03-16T10:55:58","slug":"restaurant-per-a-grups","status":"publish","type":"page","link":"https:\/\/elmolidalos.com\/es\/restaurant-per-a-grups\/","title":{"rendered":"Restaurant per a grups"},"content":{"rendered":"\t\t<div data-elementor-type=\"wp-page\" data-elementor-id=\"210\" class=\"elementor elementor-210\">\n\t\t\t\t<div class=\"elementor-element elementor-element-030e86c hero-banner e-flex e-con-boxed e-con e-parent\" data-id=\"030e86c\" data-element_type=\"container\" data-settings=\"{&quot;background_background&quot;:&quot;slideshow&quot;,&quot;background_slideshow_gallery&quot;:[{&quot;id&quot;:221,&quot;url&quot;:&quot;https:\\\/\\\/elmolidalos.com\\\/wp-content\\\/uploads\\\/2026\\\/02\\\/restaurants-per-a-grups.jpg&quot;}],&quot;background_slideshow_loop&quot;:&quot;yes&quot;,&quot;background_slideshow_slide_duration&quot;:5000,&quot;background_slideshow_slide_transition&quot;:&quot;fade&quot;,&quot;background_slideshow_transition_duration&quot;:500}\">\n\t\t\t\t\t<div class=\"e-con-inner\">\n\t\t<div class=\"elementor-element elementor-element-d3b6e73 e-con-full banner-title e-flex e-con e-child\" data-id=\"d3b6e73\" data-element_type=\"container\">\n\t\t\t\t<div class=\"elementor-element elementor-element-6bdc508 elementor-widget elementor-widget-heading\" data-id=\"6bdc508\" data-element_type=\"widget\" data-widget_type=\"heading.default\">\n\t\t\t\t\t<h1 class=\"elementor-heading-title elementor-size-default\">MEN\u00daS PER A GRUPS A AL\u00d2S DE BALAGUER<\/h1>\t\t\t\t<\/div>\n\t\t\t\t<div class=\"elementor-element elementor-element-21812f1 elementor-widget elementor-widget-heading\" data-id=\"21812f1\" data-element_type=\"widget\" data-widget_type=\"heading.default\">\n\t\t\t\t\t<h2 class=\"elementor-heading-title elementor-size-default\"><span>Bona teca, bon ambient i grups contents. <\/span><\/h2>\t\t\t\t<\/div>\n\t\t\t\t<div class=\"elementor-element elementor-element-9e677bc elementor-widget elementor-widget-heading\" data-id=\"9e677bc\" data-element_type=\"widget\" data-widget_type=\"heading.default\">\n\t\t\t\t\t<p class=\"elementor-heading-title elementor-size-default\">Cuina casolana, espais reservats i totes les facilitats perqu\u00e8 el vostre grup mengi b\u00e9, estigui a gust i gaudeixi sense complicacions.<\/p>\t\t\t\t<\/div>\n\t\t\t\t<\/div>\n\t\t\t\t\t<\/div>\n\t\t\t\t<\/div>\n\t\t<div class=\"elementor-element elementor-element-a2a2348 e-flex e-con-boxed e-con e-parent\" data-id=\"a2a2348\" data-element_type=\"container\">\n\t\t\t\t\t<div class=\"e-con-inner\">\n\t\t<div class=\"elementor-element elementor-element-2600fb7 e-con-full e-flex e-con e-child\" data-id=\"2600fb7\" data-element_type=\"container\">\n\t\t<div class=\"elementor-element elementor-element-c41d9b7 e-con-full e-flex e-con e-child\" data-id=\"c41d9b7\" data-element_type=\"container\">\n\t\t<a class=\"elementor-element elementor-element-b847546 e-con-full btn-arrow e-flex e-con e-child\" data-id=\"b847546\" data-element_type=\"container\" href=\"#\">\n\t\t\t\t<div class=\"elementor-element elementor-element-3a51d8d elementor-widget elementor-widget-heading\" data-id=\"3a51d8d\" data-element_type=\"widget\" data-widget_type=\"heading.default\">\n\t\t\t\t\t<h2 class=\"elementor-heading-title elementor-size-default\">TROBADES I CELEBRACIONS \n<\/h2>\t\t\t\t<\/div>\n\t\t\t\t<\/a>\n\t\t<div class=\"elementor-element elementor-element-18526ef e-con-full btn-arrow e-flex e-con e-child\" data-id=\"18526ef\" data-element_type=\"container\">\n\t\t\t\t<div class=\"elementor-element elementor-element-43c194d elementor-widget elementor-widget-heading\" data-id=\"43c194d\" data-element_type=\"widget\" data-widget_type=\"heading.default\">\n\t\t\t\t\t<h3 class=\"elementor-heading-title elementor-size-default\">Un espai pensat perqu\u00e8 el vostre grup hi estigui b\u00e9.<\/h3>\t\t\t\t<\/div>\n\t\t\t\t<div class=\"elementor-element elementor-element-4017b52 elementor-widget__width-initial elementor-widget-mobile__width-inherit elementor-widget elementor-widget-text-editor\" data-id=\"4017b52\" data-element_type=\"widget\" data-widget_type=\"text-editor.default\">\n\t\t\t\t\t\t\t\t\t<p>Organitzar un dinar amb la vostra colla pot ser un mal de cap\u2026 per\u00f2 al Mol\u00ed, <strong>us ho posem f\u00e0cil<\/strong>.<\/p><p><em><strong>Qu\u00e8 us oferim?<\/strong><\/em><\/p><ul><li>Espais independents per a 20\u201350 persones<\/li><li>Men\u00fas tancats, clars i f\u00e0cils d\u2019organitzar<\/li><li>Opcions adaptades per a intoler\u00e0ncies, nens i dietes especials<\/li><li>Possibilitat de men\u00fas a mida si busqueu alguna cosa concreta.<\/li><\/ul><p><strong>La vostra \u00fanica tasca ser\u00e0 reunir la colla<\/strong>; la resta, la fem nosaltres perqu\u00e8 tot flueixi sense estr\u00e8s.<\/p>\t\t\t\t\t\t\t\t<\/div>\n\t\t\t\t<\/div>\n\t\t\t\t<\/div>\n\t\t\t\t<\/div>\n\t\t<div class=\"elementor-element elementor-element-06f9931 e-con-full e-flex e-con e-child\" data-id=\"06f9931\" data-element_type=\"container\">\n\t\t\t\t<div class=\"elementor-element elementor-element-98f6e83 carrusel-big2 elementor-pagination-position-outside elementor-widget elementor-widget-image-carousel\" data-id=\"98f6e83\" data-element_type=\"widget\" data-settings=\"{&quot;slides_to_show&quot;:&quot;1&quot;,&quot;navigation&quot;:&quot;dots&quot;,&quot;autoplay&quot;:&quot;yes&quot;,&quot;pause_on_hover&quot;:&quot;yes&quot;,&quot;pause_on_interaction&quot;:&quot;yes&quot;,&quot;autoplay_speed&quot;:5000,&quot;infinite&quot;:&quot;yes&quot;,&quot;effect&quot;:&quot;slide&quot;,&quot;speed&quot;:500}\" data-widget_type=\"image-carousel.default\">\n\t\t\t\t\t\t\t<div class=\"elementor-image-carousel-wrapper swiper\" role=\"region\" aria-roledescription=\"carousel\" aria-label=\"Carrusel de im\u00e1genes\" dir=\"ltr\">\n\t\t\t<div class=\"elementor-image-carousel swiper-wrapper\" aria-live=\"off\">\n\t\t\t\t\t\t\t\t<div class=\"swiper-slide\" role=\"group\" aria-roledescription=\"slide\" aria-label=\"1 de 3\"><figure class=\"swiper-slide-inner\"><img decoding=\"async\" class=\"swiper-slide-image\" src=\"https:\/\/elmolidalos.com\/wp-content\/uploads\/2026\/02\/restaurant-per-grups.jpg\" alt=\"Menus per a grups\" \/><\/figure><\/div><div class=\"swiper-slide\" role=\"group\" aria-roledescription=\"slide\" aria-label=\"2 de 3\"><figure class=\"swiper-slide-inner\"><img decoding=\"async\" class=\"swiper-slide-image\" src=\"https:\/\/elmolidalos.com\/wp-content\/uploads\/2026\/02\/ruta-del-vermut.jpg\" alt=\"restaurant rustic\" \/><\/figure><\/div><div class=\"swiper-slide\" role=\"group\" aria-roledescription=\"slide\" aria-label=\"3 de 3\"><figure class=\"swiper-slide-inner\"><img decoding=\"async\" class=\"swiper-slide-image\" src=\"https:\/\/elmolidalos.com\/wp-content\/uploads\/2026\/02\/Salo-restaurant-el-moli.jpg\" alt=\"Salo restaurant el moli\" \/><\/figure><\/div>\t\t\t<\/div>\n\t\t\t\t\t\t\t\n\t\t\t\t\t\t\t\t\t<div class=\"swiper-pagination\"><\/div>\n\t\t\t\t\t\t\t\t\t<\/div>\n\t\t\t\t\t\t<\/div>\n\t\t\t\t<\/div>\n\t\t\t\t\t<\/div>\n\t\t\t\t<\/div>\n\t\t<div class=\"elementor-element elementor-element-78ca164 e-flex e-con-boxed e-con e-parent\" data-id=\"78ca164\" data-element_type=\"container\">\n\t\t\t\t\t<div class=\"e-con-inner\">\n\t\t<div class=\"elementor-element elementor-element-8fc6103 e-con-full e-flex e-con e-child\" data-id=\"8fc6103\" data-element_type=\"container\">\n\t\t\t\t<div class=\"elementor-element elementor-element-127fb09 carrusel-big2 elementor-pagination-position-outside elementor-widget elementor-widget-image-carousel\" data-id=\"127fb09\" data-element_type=\"widget\" data-settings=\"{&quot;slides_to_show&quot;:&quot;1&quot;,&quot;navigation&quot;:&quot;dots&quot;,&quot;autoplay&quot;:&quot;yes&quot;,&quot;pause_on_hover&quot;:&quot;yes&quot;,&quot;pause_on_interaction&quot;:&quot;yes&quot;,&quot;autoplay_speed&quot;:5000,&quot;infinite&quot;:&quot;yes&quot;,&quot;effect&quot;:&quot;slide&quot;,&quot;speed&quot;:500}\" data-widget_type=\"image-carousel.default\">\n\t\t\t\t\t\t\t<div class=\"elementor-image-carousel-wrapper swiper\" role=\"region\" aria-roledescription=\"carousel\" aria-label=\"Carrusel de im\u00e1genes\" dir=\"ltr\">\n\t\t\t<div class=\"elementor-image-carousel swiper-wrapper\" aria-live=\"off\">\n\t\t\t\t\t\t\t\t<div class=\"swiper-slide\" role=\"group\" aria-roledescription=\"slide\" aria-label=\"1 de 1\"><figure class=\"swiper-slide-inner\"><img decoding=\"async\" class=\"swiper-slide-image\" src=\"https:\/\/elmolidalos.com\/wp-content\/uploads\/2026\/02\/servei-de-catering-a-domicili.jpg\" alt=\"catering per nadal\" \/><\/figure><\/div>\t\t\t<\/div>\n\t\t\t\t\t<\/div>\n\t\t\t\t\t\t<\/div>\n\t\t\t\t<\/div>\n\t\t<div class=\"elementor-element elementor-element-6aefb55 e-con-full e-flex e-con e-child\" data-id=\"6aefb55\" data-element_type=\"container\">\n\t\t<div class=\"elementor-element elementor-element-38692d8 e-con-full e-flex e-con e-child\" data-id=\"38692d8\" data-element_type=\"container\">\n\t\t\t\t<div class=\"elementor-element elementor-element-6a8d7f2 elementor-widget elementor-widget-heading\" data-id=\"6a8d7f2\" data-element_type=\"widget\" data-widget_type=\"heading.default\">\n\t\t\t\t\t<h2 class=\"elementor-heading-title elementor-size-default\">MEN\u00da PER A GRUPS GRANS <\/h2>\t\t\t\t<\/div>\n\t\t\t\t<div class=\"elementor-element elementor-element-90d5d6b elementor-widget elementor-widget-heading\" data-id=\"90d5d6b\" data-element_type=\"widget\" data-widget_type=\"heading.default\">\n\t\t\t\t\t<h3 class=\"elementor-heading-title elementor-size-default\">Una proposta per a cada ocasi\u00f3  <\/h3>\t\t\t\t<\/div>\n\t\t\t\t<div class=\"elementor-element elementor-element-1070a3a elementor-widget__width-initial elementor-widget-mobile__width-inherit elementor-widget elementor-widget-text-editor\" data-id=\"1070a3a\" data-element_type=\"widget\" data-widget_type=\"text-editor.default\">\n\t\t\t\t\t\t\t\t\t<p>Cada reuni\u00f3 \u00e9s diferent, i per aix\u00f2 adaptem l\u2019espai, el ritme i el men\u00fa perqu\u00e8 la vostra trobada surti exactament com la imagineu.<\/p><p><strong><em>Oferim men\u00fas de grups per a:<\/em><\/strong><\/p><ul data-start=\"1963\" data-end=\"2250\"><li data-start=\"1963\" data-end=\"2015\"><p>Celebracions d\u2019aniversari<\/p><\/li><li data-start=\"1963\" data-end=\"2015\"><p>\u00c0pats d\u2019amics<\/p><\/li><li data-start=\"1963\" data-end=\"2015\"><p>Trobades familiars<\/p><\/li><li data-start=\"1963\" data-end=\"2015\"><p>Grups excursionistes<\/p><\/li><li data-start=\"1963\" data-end=\"2015\"><p>Colles ciclistes, motoristes, excursionistes<\/p><\/li><li data-start=\"1963\" data-end=\"2015\"><p>Dinars d\u2019empresa en format informal<\/p><\/li><li data-start=\"1963\" data-end=\"2015\"><p>Clubs, associacions i entitats<\/p><\/li><\/ul><p data-start=\"2252\" data-end=\"2324\"><strong data-start=\"2252\" data-end=\"2324\">Ens encarreguem dels detalls perqu\u00e8 vosaltres nom\u00e9s h\u00e0giu de gaudir.<\/strong><\/p>\t\t\t\t\t\t\t\t<\/div>\n\t\t\t\t<\/div>\n\t\t\t\t<\/div>\n\t\t\t\t\t<\/div>\n\t\t\t\t<\/div>\n\t\t<div class=\"elementor-element elementor-element-1a99049 e-flex e-con-boxed e-con e-parent\" data-id=\"1a99049\" data-element_type=\"container\">\n\t\t\t\t\t<div class=\"e-con-inner\">\n\t\t<div class=\"elementor-element elementor-element-83840c8 e-con-full e-flex e-con e-child\" data-id=\"83840c8\" data-element_type=\"container\">\n\t\t\t\t<div class=\"elementor-element elementor-element-97e29f1 elementor-widget elementor-widget-heading\" data-id=\"97e29f1\" data-element_type=\"widget\" data-widget_type=\"heading.default\">\n\t\t\t\t\t<h2 class=\"elementor-heading-title elementor-size-default\">QU\u00c8 ENS FA ESPECIALS?<\/h2>\t\t\t\t<\/div>\n\t\t\t\t<\/div>\n\t\t<div class=\"elementor-element elementor-element-2860817 e-grid e-con-full e-con e-child\" data-id=\"2860817\" data-element_type=\"container\">\n\t\t<div class=\"elementor-element elementor-element-73b0a32 e-con-full e-flex e-con e-child\" data-id=\"73b0a32\" data-element_type=\"container\" data-settings=\"{&quot;background_background&quot;:&quot;classic&quot;}\">\n\t\t<div class=\"elementor-element elementor-element-3658dc6 e-con-full e-flex e-con e-child\" data-id=\"3658dc6\" data-element_type=\"container\">\n\t\t\t\t<div class=\"elementor-element elementor-element-dd5d492 elementor-widget__width-initial elementor-widget elementor-widget-heading\" data-id=\"dd5d492\" data-element_type=\"widget\" data-widget_type=\"heading.default\">\n\t\t\t\t\t<h2 class=\"elementor-heading-title elementor-size-default\">Cuina casolana<\/h2>\t\t\t\t<\/div>\n\t\t\t\t<div class=\"elementor-element elementor-element-945c3c9 elementor-widget elementor-widget-text-editor\" data-id=\"945c3c9\" data-element_type=\"widget\" data-widget_type=\"text-editor.default\">\n\t\t\t\t\t\t\t\t\t<p><strong>Receptes casolanes<\/strong> elaborades amb producte fresc i <strong>verdures del nostre hort<\/strong>, per oferir una experi\u00e8ncia gastron\u00f2mica<strong> aut\u00e8ntica i cuidada<\/strong>.<\/p>\t\t\t\t\t\t\t\t<\/div>\n\t\t\t\t<\/div>\n\t\t\t\t<\/div>\n\t\t<div class=\"elementor-element elementor-element-eb96685 e-con-full e-flex e-con e-child\" data-id=\"eb96685\" data-element_type=\"container\" data-settings=\"{&quot;background_background&quot;:&quot;classic&quot;}\">\n\t\t<div class=\"elementor-element elementor-element-d224c9e e-con-full e-flex e-con e-child\" data-id=\"d224c9e\" data-element_type=\"container\">\n\t\t\t\t<div class=\"elementor-element elementor-element-2557fe8 elementor-widget__width-initial elementor-widget elementor-widget-heading\" data-id=\"2557fe8\" data-element_type=\"widget\" data-widget_type=\"heading.default\">\n\t\t\t\t\t<h2 class=\"elementor-heading-title elementor-size-default\">Espais amb encant<\/h2>\t\t\t\t<\/div>\n\t\t\t\t<div class=\"elementor-element elementor-element-870db05 elementor-widget elementor-widget-text-editor\" data-id=\"870db05\" data-element_type=\"widget\" data-widget_type=\"text-editor.default\">\n\t\t\t\t\t\t\t\t\t<p>Situat <strong>al costat del riu Segre<\/strong> i envoltat de natura, El Mol\u00ed ofereix un <strong>ambient r\u00fastic i aut\u00e8ntic<\/strong> que fa que qualsevol \u00e0pat en grup sigui m\u00e9s <strong>agradable i memorable<\/strong>.<\/p>\t\t\t\t\t\t\t\t<\/div>\n\t\t\t\t<\/div>\n\t\t\t\t<\/div>\n\t\t<div class=\"elementor-element elementor-element-1768d89 e-con-full e-flex e-con e-child\" data-id=\"1768d89\" data-element_type=\"container\" data-settings=\"{&quot;background_background&quot;:&quot;classic&quot;}\">\n\t\t<div class=\"elementor-element elementor-element-ca67549 e-con-full e-flex e-con e-child\" data-id=\"ca67549\" data-element_type=\"container\">\n\t\t\t\t<div class=\"elementor-element elementor-element-74e4fb8 elementor-widget__width-initial elementor-widget elementor-widget-heading\" data-id=\"74e4fb8\" data-element_type=\"widget\" data-widget_type=\"heading.default\">\n\t\t\t\t\t<h2 class=\"elementor-heading-title elementor-size-default\">Servei proper<\/h2>\t\t\t\t<\/div>\n\t\t\t\t<div class=\"elementor-element elementor-element-e56a159 elementor-widget elementor-widget-text-editor\" data-id=\"e56a159\" data-element_type=\"widget\" data-widget_type=\"text-editor.default\">\n\t\t\t\t\t\t\t\t\t<p><strong>Som un equip que gaudeix del que fa<\/strong>. Us rebrem amb un somriure i estarem pendents dels detalls per <strong>garantir que l&#8217;experi\u00e8ncia sigui \u00e0gil i agradable<\/strong> durant tot l&#8217;\u00e0pat.<\/p>\t\t\t\t\t\t\t\t<\/div>\n\t\t\t\t<\/div>\n\t\t\t\t<\/div>\n\t\t\t\t<\/div>\n\t\t\t\t\t<\/div>\n\t\t\t\t<\/div>\n\t\t<div class=\"elementor-element elementor-element-c9148f2 e-flex e-con-boxed e-con e-parent\" data-id=\"c9148f2\" data-element_type=\"container\">\n\t\t\t\t\t<div class=\"e-con-inner\">\n\t\t<div class=\"elementor-element elementor-element-3f7228d e-con-full e-flex e-con e-child\" data-id=\"3f7228d\" data-element_type=\"container\">\n\t\t<div class=\"elementor-element elementor-element-e7dfb91 e-con-full e-flex e-con e-child\" data-id=\"e7dfb91\" data-element_type=\"container\">\n\t\t\t\t<div class=\"elementor-element elementor-element-befbda5 elementor-widget elementor-widget-heading\" data-id=\"befbda5\" data-element_type=\"widget\" data-widget_type=\"heading.default\">\n\t\t\t\t\t<h2 class=\"elementor-heading-title elementor-size-default\">LA NOSTRA CUINA <\/h2>\t\t\t\t<\/div>\n\t\t\t\t<div class=\"elementor-element elementor-element-ea68ae2 elementor-widget elementor-widget-heading\" data-id=\"ea68ae2\" data-element_type=\"widget\" data-widget_type=\"heading.default\">\n\t\t\t\t\t<h3 class=\"elementor-heading-title elementor-size-default\">Cuina de temporada i proximitat<\/h3>\t\t\t\t<\/div>\n\t\t\t\t<div class=\"elementor-element elementor-element-07ed27e elementor-widget__width-initial elementor-widget-mobile__width-inherit elementor-widget elementor-widget-text-editor\" data-id=\"07ed27e\" data-element_type=\"widget\" data-widget_type=\"text-editor.default\">\n\t\t\t\t\t\t\t\t\t<p>A El Mol\u00ed d\u2019Al\u00f2s cuinem amb <strong>producte de proximitat i receptes tradicionals<\/strong> amb un toc personal, perqu\u00e8 cada plat tingui el nostre segell i el sabor d\u2019una cuina feta com cal.<\/p><p>Fem servir <strong>verdures del nostre hort<\/strong>, <em>sense l&#8217;\u00fas de pesticides sint\u00e8tics ni fertilitzants qu\u00edmics<\/em>, i elaborem <strong>plats casolans i cuidats<\/strong> que busquen una cosa molt simple: fer-vos sentir com a casa.<\/p><p><strong>Aqu\u00ed no hi ha secrets:<\/strong> nom\u00e9s producte de qualitat i ganes de fer les coses ben fetes. Al final, les millors an\u00e8cdotes de la vostra colla sempre neixen compartint un<strong> bon menjar, un bon vi i una sobretaula sense presses<\/strong>.<\/p>\t\t\t\t\t\t\t\t<\/div>\n\t\t\t\t<\/div>\n\t\t<div class=\"elementor-element elementor-element-8024773 e-con-full e-flex e-con e-child\" data-id=\"8024773\" data-element_type=\"container\">\n\t\t<a class=\"elementor-element elementor-element-4496a86 e-con-full btn-arrow e-flex e-con e-child\" data-id=\"4496a86\" data-element_type=\"container\" href=\"#\">\n\t\t\t\t<div class=\"elementor-element elementor-element-0da8f9d elementor-widget elementor-widget-image\" data-id=\"0da8f9d\" data-element_type=\"widget\" data-widget_type=\"image.default\">\n\t\t\t\t\t\t\t\t\t\t\t\t\t\t\t<img decoding=\"async\" width=\"234\" height=\"15\" src=\"https:\/\/elmolidalos.com\/wp-content\/uploads\/2026\/01\/arrow.png\" class=\"attachment-large size-large wp-image-53\" alt=\"\" \/>\t\t\t\t\t\t\t\t\t\t\t\t\t\t\t<\/div>\n\t\t\t\t<div class=\"elementor-element elementor-element-a05f736 elementor-widget elementor-widget-heading\" data-id=\"a05f736\" data-element_type=\"widget\" data-widget_type=\"heading.default\">\n\t\t\t\t\t<p class=\"elementor-heading-title elementor-size-default\">RESERVAR TAULA<\/p>\t\t\t\t<\/div>\n\t\t\t\t<\/a>\n\t\t\t\t<\/div>\n\t\t\t\t<\/div>\n\t\t<div class=\"elementor-element elementor-element-2b0b4b6 e-con-full e-flex e-con e-child\" data-id=\"2b0b4b6\" data-element_type=\"container\">\n\t\t\t\t<div class=\"elementor-element elementor-element-2d7f7a4 carrusel-big2 elementor-pagination-position-outside elementor-widget elementor-widget-image-carousel\" data-id=\"2d7f7a4\" data-element_type=\"widget\" data-settings=\"{&quot;slides_to_show&quot;:&quot;1&quot;,&quot;navigation&quot;:&quot;dots&quot;,&quot;autoplay&quot;:&quot;yes&quot;,&quot;pause_on_hover&quot;:&quot;yes&quot;,&quot;pause_on_interaction&quot;:&quot;yes&quot;,&quot;autoplay_speed&quot;:5000,&quot;infinite&quot;:&quot;yes&quot;,&quot;effect&quot;:&quot;slide&quot;,&quot;speed&quot;:500}\" data-widget_type=\"image-carousel.default\">\n\t\t\t\t\t\t\t<div class=\"elementor-image-carousel-wrapper swiper\" role=\"region\" aria-roledescription=\"carousel\" aria-label=\"Carrusel de im\u00e1genes\" dir=\"ltr\">\n\t\t\t<div class=\"elementor-image-carousel swiper-wrapper\" aria-live=\"off\">\n\t\t\t\t\t\t\t\t<div class=\"swiper-slide\" role=\"group\" aria-roledescription=\"slide\" aria-label=\"1 de 1\"><figure class=\"swiper-slide-inner\"><img decoding=\"async\" class=\"swiper-slide-image\" src=\"https:\/\/elmolidalos.com\/wp-content\/uploads\/2026\/02\/servei-de-catering-a-domicili.jpg\" alt=\"catering per nadal\" \/><\/figure><\/div>\t\t\t<\/div>\n\t\t\t\t\t<\/div>\n\t\t\t\t\t\t<\/div>\n\t\t\t\t<\/div>\n\t\t\t\t\t<\/div>\n\t\t\t\t<\/div>\n\t\t\t\t<\/div>\n\t\t","protected":false},"excerpt":{"rendered":"<p>MEN\u00daS PER A GRUPS A AL\u00d2S DE BALAGUER Bona teca, bon ambient i grups contents. Cuina casolana, espais reservats i totes les facilitats perqu\u00e8 el vostre grup mengi b\u00e9, estigui a gust i gaudeixi sense complicacions. TROBADES I CELEBRACIONS Un espai pensat perqu\u00e8 el vostre grup hi estigui b\u00e9. Organitzar un dinar amb la vostra [&hellip;]<\/p>\n","protected":false},"author":1,"featured_media":0,"parent":0,"menu_order":0,"comment_status":"closed","ping_status":"closed","template":"","meta":{"_joinchat":[],"footnotes":""},"class_list":["post-210","page","type-page","status-publish","hentry"],"_links":{"self":[{"href":"https:\/\/elmolidalos.com\/es\/wp-json\/wp\/v2\/pages\/210","targetHints":{"allow":["GET"]}}],"collection":[{"href":"https:\/\/elmolidalos.com\/es\/wp-json\/wp\/v2\/pages"}],"about":[{"href":"https:\/\/elmolidalos.com\/es\/wp-json\/wp\/v2\/types\/page"}],"author":[{"embeddable":true,"href":"https:\/\/elmolidalos.com\/es\/wp-json\/wp\/v2\/users\/1"}],"replies":[{"embeddable":true,"href":"https:\/\/elmolidalos.com\/es\/wp-json\/wp\/v2\/comments?post=210"}],"version-history":[{"count":31,"href":"https:\/\/elmolidalos.com\/es\/wp-json\/wp\/v2\/pages\/210\/revisions"}],"predecessor-version":[{"id":635,"href":"https:\/\/elmolidalos.com\/es\/wp-json\/wp\/v2\/pages\/210\/revisions\/635"}],"wp:attachment":[{"href":"https:\/\/elmolidalos.com\/es\/wp-json\/wp\/v2\/media?parent=210"}],"curies":[{"name":"wp","href":"https:\/\/api.w.org\/{rel}","templated":true}]}}