{"id":169,"date":"2026-01-31T10:05:00","date_gmt":"2026-01-31T10:05:00","guid":{"rendered":"https:\/\/elmolidalos.com\/?page_id=169"},"modified":"2026-03-17T08:00:52","modified_gmt":"2026-03-17T08:00:52","slug":"restaurants-per-a-bodes","status":"publish","type":"page","link":"https:\/\/elmolidalos.com\/es\/restaurants-per-a-bodes\/","title":{"rendered":"Restaurants per a bodes"},"content":{"rendered":"\t\t<div data-elementor-type=\"wp-page\" data-elementor-id=\"169\" class=\"elementor elementor-169\">\n\t\t\t\t<div class=\"elementor-element elementor-element-030e86c hero-banner e-flex e-con-boxed e-con e-parent\" data-id=\"030e86c\" data-element_type=\"container\" data-settings=\"{&quot;background_background&quot;:&quot;slideshow&quot;,&quot;background_slideshow_gallery&quot;:[{&quot;id&quot;:182,&quot;url&quot;:&quot;https:\\\/\\\/elmolidalos.com\\\/wp-content\\\/uploads\\\/2026\\\/02\\\/restaurant-per-a-bodes.jpg&quot;}],&quot;background_slideshow_loop&quot;:&quot;yes&quot;,&quot;background_slideshow_slide_duration&quot;:5000,&quot;background_slideshow_slide_transition&quot;:&quot;fade&quot;,&quot;background_slideshow_transition_duration&quot;:500}\">\n\t\t\t\t\t<div class=\"e-con-inner\">\n\t\t<div class=\"elementor-element elementor-element-d3b6e73 e-con-full banner-title e-flex e-con e-child\" data-id=\"d3b6e73\" data-element_type=\"container\">\n\t\t\t\t<div class=\"elementor-element elementor-element-6bdc508 elementor-widget elementor-widget-heading\" data-id=\"6bdc508\" data-element_type=\"widget\" data-widget_type=\"heading.default\">\n\t\t\t\t\t<h1 class=\"elementor-heading-title elementor-size-default\">RESTAURANT PER A BODES <\/h1>\t\t\t\t<\/div>\n\t\t\t\t<div class=\"elementor-element elementor-element-21812f1 elementor-widget elementor-widget-heading\" data-id=\"21812f1\" data-element_type=\"widget\" data-widget_type=\"heading.default\">\n\t\t\t\t\t<h1 class=\"elementor-heading-title elementor-size-default\"><span>Un espai r\u00fastic i acollidor al cor del Prepirineu de Lleida<\/span><\/h1>\t\t\t\t<\/div>\n\t\t\t\t<div class=\"elementor-element elementor-element-9e677bc elementor-widget elementor-widget-heading\" data-id=\"9e677bc\" data-element_type=\"widget\" data-widget_type=\"heading.default\">\n\t\t\t\t\t<p class=\"elementor-heading-title elementor-size-default\">El vostre dia especial, al vostre ritme i com si f\u00f3ssiu a casa.<\/p>\t\t\t\t<\/div>\n\t\t\t\t<\/div>\n\t\t\t\t\t<\/div>\n\t\t\t\t<\/div>\n\t\t<div class=\"elementor-element elementor-element-a2a2348 e-flex e-con-boxed e-con e-parent\" data-id=\"a2a2348\" data-element_type=\"container\">\n\t\t\t\t\t<div class=\"e-con-inner\">\n\t\t<div class=\"elementor-element elementor-element-2600fb7 e-con-full e-flex e-con e-child\" data-id=\"2600fb7\" data-element_type=\"container\">\n\t\t<div class=\"elementor-element elementor-element-d6b3c4e e-con-full e-flex e-con e-child\" data-id=\"d6b3c4e\" data-element_type=\"container\">\n\t\t\t\t<div class=\"elementor-element elementor-element-6e09fc9 elementor-widget elementor-widget-heading\" data-id=\"6e09fc9\" data-element_type=\"widget\" data-widget_type=\"heading.default\">\n\t\t\t\t\t<h2 class=\"elementor-heading-title elementor-size-default\">BODES AMB ENCANT <\/h2>\t\t\t\t<\/div>\n\t\t\t\t<div class=\"elementor-element elementor-element-43c194d elementor-widget elementor-widget-heading\" data-id=\"43c194d\" data-element_type=\"widget\" data-widget_type=\"heading.default\">\n\t\t\t\t\t<h3 class=\"elementor-heading-title elementor-size-default\">Un refugi per a parelles que fugen de les bodes convencionals.<\/h3>\t\t\t\t<\/div>\n\t\t\t\t<div class=\"elementor-element elementor-element-4017b52 elementor-widget__width-initial elementor-widget-mobile__width-inherit elementor-widget elementor-widget-text-editor\" data-id=\"4017b52\" data-element_type=\"widget\" data-widget_type=\"text-editor.default\">\n\t\t\t\t\t\t\t\t\t<p>Imagineu <strong>celebrar la vostra boda<\/strong> en un espai natural, aut\u00e8ntic i ple de calma.<\/p><p>El Mol\u00ed d&#8217;Al\u00f2s \u00e9s <strong>un restaurant r\u00fastic i amb \u00e0nima<\/strong> situat a Al\u00f2s de Balaguer, al cor del Prepirineu. Un lloc on el temps s&#8217;atura.<\/p><p><strong>Aqu\u00ed no fem &#8220;bodes en s\u00e8rie&#8221;. <\/strong>Fem poques celebracions a l\u2019any perqu\u00e8 <strong>ens agrada dedicar-vos el temps que mereixeu<\/strong>, sense presses, sense estr\u00e9s i amb tota l\u2019atenci\u00f3 posada en vosaltres.<\/p>\t\t\t\t\t\t\t\t<\/div>\n\t\t\t\t<\/div>\n\t\t<div class=\"elementor-element elementor-element-c41d9b7 e-con-full e-flex e-con e-child\" data-id=\"c41d9b7\" data-element_type=\"container\">\n\t\t<a class=\"elementor-element elementor-element-b847546 e-con-full btn-arrow e-flex e-con e-child\" data-id=\"b847546\" data-element_type=\"container\" href=\"#\">\n\t\t\t\t<div class=\"elementor-element elementor-element-a763519 elementor-widget elementor-widget-image\" data-id=\"a763519\" data-element_type=\"widget\" data-widget_type=\"image.default\">\n\t\t\t\t\t\t\t\t\t\t\t\t\t\t\t<img decoding=\"async\" width=\"234\" height=\"15\" src=\"https:\/\/elmolidalos.com\/wp-content\/uploads\/2026\/01\/arrow.png\" class=\"attachment-large size-large wp-image-53\" alt=\"\" \/>\t\t\t\t\t\t\t\t\t\t\t\t\t\t\t<\/div>\n\t\t\t\t<div class=\"elementor-element elementor-element-3a51d8d elementor-widget elementor-widget-heading\" data-id=\"3a51d8d\" data-element_type=\"widget\" data-widget_type=\"heading.default\">\n\t\t\t\t\t<p class=\"elementor-heading-title elementor-size-default\">SI RESSONA AMB EL QUE BUSQUEU, CONTACTEU-NOS.\n<\/p>\t\t\t\t<\/div>\n\t\t\t\t<\/a>\n\t\t\t\t<\/div>\n\t\t\t\t<\/div>\n\t\t<div class=\"elementor-element elementor-element-06f9931 e-con-full e-flex e-con e-child\" data-id=\"06f9931\" data-element_type=\"container\">\n\t\t\t\t<div class=\"elementor-element elementor-element-98f6e83 carrusel-big2 elementor-pagination-position-outside elementor-widget elementor-widget-image-carousel\" data-id=\"98f6e83\" data-element_type=\"widget\" data-settings=\"{&quot;slides_to_show&quot;:&quot;1&quot;,&quot;navigation&quot;:&quot;dots&quot;,&quot;autoplay&quot;:&quot;yes&quot;,&quot;pause_on_hover&quot;:&quot;yes&quot;,&quot;pause_on_interaction&quot;:&quot;yes&quot;,&quot;autoplay_speed&quot;:5000,&quot;infinite&quot;:&quot;yes&quot;,&quot;effect&quot;:&quot;slide&quot;,&quot;speed&quot;:500}\" data-widget_type=\"image-carousel.default\">\n\t\t\t\t\t\t\t<div class=\"elementor-image-carousel-wrapper swiper\" role=\"region\" aria-roledescription=\"carousel\" aria-label=\"Carrusel de im\u00e1genes\" dir=\"ltr\">\n\t\t\t<div class=\"elementor-image-carousel swiper-wrapper\" aria-live=\"off\">\n\t\t\t\t\t\t\t\t<div class=\"swiper-slide\" role=\"group\" aria-roledescription=\"slide\" aria-label=\"1 de 3\"><figure class=\"swiper-slide-inner\"><img decoding=\"async\" class=\"swiper-slide-image\" src=\"https:\/\/elmolidalos.com\/wp-content\/uploads\/2026\/02\/casament-rustic.jpg\" alt=\"Boda intima\" \/><\/figure><\/div><div class=\"swiper-slide\" role=\"group\" aria-roledescription=\"slide\" aria-label=\"2 de 3\"><figure class=\"swiper-slide-inner\"><img decoding=\"async\" class=\"swiper-slide-image\" src=\"https:\/\/elmolidalos.com\/wp-content\/uploads\/2026\/02\/restaurant-bodes-lleida.jpg\" alt=\"espai bodes\" \/><\/figure><\/div><div class=\"swiper-slide\" role=\"group\" aria-roledescription=\"slide\" aria-label=\"3 de 3\"><figure class=\"swiper-slide-inner\"><img decoding=\"async\" class=\"swiper-slide-image\" src=\"https:\/\/elmolidalos.com\/wp-content\/uploads\/2026\/02\/casaments-catalunya.jpg\" alt=\"restaurant casaments\" \/><\/figure><\/div>\t\t\t<\/div>\n\t\t\t\t\t\t\t\n\t\t\t\t\t\t\t\t\t<div class=\"swiper-pagination\"><\/div>\n\t\t\t\t\t\t\t\t\t<\/div>\n\t\t\t\t\t\t<\/div>\n\t\t\t\t<\/div>\n\t\t\t\t\t<\/div>\n\t\t\t\t<\/div>\n\t\t<div class=\"elementor-element elementor-element-78ca164 e-flex e-con-boxed e-con e-parent\" data-id=\"78ca164\" data-element_type=\"container\">\n\t\t\t\t\t<div class=\"e-con-inner\">\n\t\t<div class=\"elementor-element elementor-element-8fc6103 e-con-full e-flex e-con e-child\" data-id=\"8fc6103\" data-element_type=\"container\">\n\t\t\t\t<div class=\"elementor-element elementor-element-127fb09 carrusel-big2 elementor-pagination-position-outside elementor-widget elementor-widget-image-carousel\" data-id=\"127fb09\" data-element_type=\"widget\" data-settings=\"{&quot;slides_to_show&quot;:&quot;1&quot;,&quot;navigation&quot;:&quot;dots&quot;,&quot;autoplay&quot;:&quot;yes&quot;,&quot;pause_on_hover&quot;:&quot;yes&quot;,&quot;pause_on_interaction&quot;:&quot;yes&quot;,&quot;autoplay_speed&quot;:5000,&quot;infinite&quot;:&quot;yes&quot;,&quot;effect&quot;:&quot;slide&quot;,&quot;speed&quot;:500}\" data-widget_type=\"image-carousel.default\">\n\t\t\t\t\t\t\t<div class=\"elementor-image-carousel-wrapper swiper\" role=\"region\" aria-roledescription=\"carousel\" aria-label=\"Carrusel de im\u00e1genes\" dir=\"ltr\">\n\t\t\t<div class=\"elementor-image-carousel swiper-wrapper\" aria-live=\"off\">\n\t\t\t\t\t\t\t\t<div class=\"swiper-slide\" role=\"group\" aria-roledescription=\"slide\" aria-label=\"1 de 1\"><figure class=\"swiper-slide-inner\"><img decoding=\"async\" class=\"swiper-slide-image\" src=\"https:\/\/elmolidalos.com\/wp-content\/uploads\/2026\/02\/masies-bodes.jpg\" alt=\"boda intima\" \/><\/figure><\/div>\t\t\t<\/div>\n\t\t\t\t\t<\/div>\n\t\t\t\t\t\t<\/div>\n\t\t\t\t<\/div>\n\t\t<div class=\"elementor-element elementor-element-6aefb55 e-con-full e-flex e-con e-child\" data-id=\"6aefb55\" data-element_type=\"container\">\n\t\t<div class=\"elementor-element elementor-element-38692d8 e-con-full e-flex e-con e-child\" data-id=\"38692d8\" data-element_type=\"container\">\n\t\t\t\t<div class=\"elementor-element elementor-element-6a8d7f2 elementor-widget elementor-widget-heading\" data-id=\"6a8d7f2\" data-element_type=\"widget\" data-widget_type=\"heading.default\">\n\t\t\t\t\t<h2 class=\"elementor-heading-title elementor-size-default\">TIPUS DE BODES QUE ORGANITZEM<\/h2>\t\t\t\t<\/div>\n\t\t\t\t<div class=\"elementor-element elementor-element-90d5d6b elementor-widget elementor-widget-heading\" data-id=\"90d5d6b\" data-element_type=\"widget\" data-widget_type=\"heading.default\">\n\t\t\t\t\t<h3 class=\"elementor-heading-title elementor-size-default\">Bodes petites i \u00edntimes<\/h3>\t\t\t\t<\/div>\n\t\t\t\t<div class=\"elementor-element elementor-element-1070a3a elementor-widget__width-initial elementor-widget-mobile__width-inherit elementor-widget elementor-widget-text-editor\" data-id=\"1070a3a\" data-element_type=\"widget\" data-widget_type=\"text-editor.default\">\n\t\t\t\t\t\t\t\t\t<p>Celebracions pensades per a parelles que busquen un <strong>entorn especial, <\/strong><br \/><strong>bona taula i tracte proper.<\/strong><\/p><p><em><strong data-start=\"1947\" data-end=\"1962\">Qu\u00e8 organitzem?<\/strong><\/em><\/p><ul data-start=\"1963\" data-end=\"2250\"><li data-start=\"1963\" data-end=\"2015\"><p data-start=\"1965\" data-end=\"2015\"><strong>Cerim\u00f2nies \u00edntimes<\/strong> (entre 50 i 100 convidats)<\/p><\/li><li data-start=\"2016\" data-end=\"2067\"><p data-start=\"2018\" data-end=\"2067\"><strong>Bodes civils<\/strong> a la terrassa o a l\u2019entorn natural<\/p><\/li><li data-start=\"2068\" data-end=\"2113\"><p data-start=\"2070\" data-end=\"2113\"><strong>Banquets<\/strong> servits amb men\u00fas personalitzats<\/p><\/li><li data-start=\"2180\" data-end=\"2250\"><p data-start=\"2182\" data-end=\"2250\"><strong>Celebracions pre-boda<\/strong> (sopars de grup, vermuts) i brunch de l\u2019endem\u00e0<\/p><\/li><\/ul><p data-start=\"2252\" data-end=\"2324\"><strong data-start=\"2252\" data-end=\"2324\">Ens encarreguem dels detalls perqu\u00e8 vosaltres nom\u00e9s h\u00e0giu de gaudir.<\/strong><\/p>\t\t\t\t\t\t\t\t<\/div>\n\t\t\t\t<\/div>\n\t\t\t\t<\/div>\n\t\t\t\t\t<\/div>\n\t\t\t\t<\/div>\n\t\t<div class=\"elementor-element elementor-element-1a99049 e-flex e-con-boxed e-con e-parent\" data-id=\"1a99049\" data-element_type=\"container\">\n\t\t\t\t\t<div class=\"e-con-inner\">\n\t\t<div class=\"elementor-element elementor-element-83840c8 e-con-full e-flex e-con e-child\" data-id=\"83840c8\" data-element_type=\"container\">\n\t\t\t\t<div class=\"elementor-element elementor-element-97e29f1 elementor-widget elementor-widget-heading\" data-id=\"97e29f1\" data-element_type=\"widget\" data-widget_type=\"heading.default\">\n\t\t\t\t\t<h3 class=\"elementor-heading-title elementor-size-default\">QU\u00c8 ENS FA ESPECIALS?<\/h3>\t\t\t\t<\/div>\n\t\t\t\t<\/div>\n\t\t<div class=\"elementor-element elementor-element-2860817 e-grid e-con-full e-con e-child\" data-id=\"2860817\" data-element_type=\"container\">\n\t\t<div class=\"elementor-element elementor-element-73b0a32 e-con-full e-flex e-con e-child\" data-id=\"73b0a32\" data-element_type=\"container\" data-settings=\"{&quot;background_background&quot;:&quot;classic&quot;}\">\n\t\t<div class=\"elementor-element elementor-element-3658dc6 e-con-full e-flex e-con e-child\" data-id=\"3658dc6\" data-element_type=\"container\">\n\t\t\t\t<div class=\"elementor-element elementor-element-dd5d492 elementor-widget__width-initial elementor-widget elementor-widget-heading\" data-id=\"dd5d492\" data-element_type=\"widget\" data-widget_type=\"heading.default\">\n\t\t\t\t\t<h2 class=\"elementor-heading-title elementor-size-default\">Natura i calma<\/h2>\t\t\t\t<\/div>\n\t\t\t\t<div class=\"elementor-element elementor-element-945c3c9 elementor-widget elementor-widget-text-editor\" data-id=\"945c3c9\" data-element_type=\"widget\" data-widget_type=\"text-editor.default\">\n\t\t\t\t\t\t\t\t\t<p><strong>Un espai privilegiat<\/strong> al costat del riu Segre, envoltat de natura i amb vistes al campanar de l\u2019esgl\u00e9sia.<\/p>\t\t\t\t\t\t\t\t<\/div>\n\t\t\t\t<\/div>\n\t\t\t\t<\/div>\n\t\t<div class=\"elementor-element elementor-element-eb96685 e-con-full e-flex e-con e-child\" data-id=\"eb96685\" data-element_type=\"container\" data-settings=\"{&quot;background_background&quot;:&quot;classic&quot;}\">\n\t\t<div class=\"elementor-element elementor-element-d224c9e e-con-full e-flex e-con e-child\" data-id=\"d224c9e\" data-element_type=\"container\">\n\t\t\t\t<div class=\"elementor-element elementor-element-2557fe8 elementor-widget__width-initial elementor-widget elementor-widget-heading\" data-id=\"2557fe8\" data-element_type=\"widget\" data-widget_type=\"heading.default\">\n\t\t\t\t\t<h2 class=\"elementor-heading-title elementor-size-default\">Bona taula<\/h2>\t\t\t\t<\/div>\n\t\t\t\t<div class=\"elementor-element elementor-element-870db05 elementor-widget elementor-widget-text-editor\" data-id=\"870db05\" data-element_type=\"widget\" data-widget_type=\"text-editor.default\">\n\t\t\t\t\t\t\t\t\t<p><strong>Cuina casolana i honesta<\/strong>, elaborada amb ingredients de temporada, producte local i verdures del nostre hort.<\/p>\t\t\t\t\t\t\t\t<\/div>\n\t\t\t\t<\/div>\n\t\t\t\t<\/div>\n\t\t<div class=\"elementor-element elementor-element-1768d89 e-con-full e-flex e-con e-child\" data-id=\"1768d89\" data-element_type=\"container\" data-settings=\"{&quot;background_background&quot;:&quot;classic&quot;}\">\n\t\t<div class=\"elementor-element elementor-element-ca67549 e-con-full e-flex e-con e-child\" data-id=\"ca67549\" data-element_type=\"container\">\n\t\t\t\t<div class=\"elementor-element elementor-element-74e4fb8 elementor-widget__width-initial elementor-widget elementor-widget-heading\" data-id=\"74e4fb8\" data-element_type=\"widget\" data-widget_type=\"heading.default\">\n\t\t\t\t\t<h2 class=\"elementor-heading-title elementor-size-default\">Tracte a mida<\/h2>\t\t\t\t<\/div>\n\t\t\t\t<div class=\"elementor-element elementor-element-e56a159 elementor-widget elementor-widget-text-editor\" data-id=\"e56a159\" data-element_type=\"widget\" data-widget_type=\"text-editor.default\">\n\t\t\t\t\t\t\t\t\t<p><strong>Un servei personal i exclusiu.<\/strong><br data-start=\"2817\" data-end=\"2820\" \/>Ens impliquem en cada detall i us acompanyem perqu\u00e8 tot estigui com hav\u00edeu imaginat.<\/p>\t\t\t\t\t\t\t\t<\/div>\n\t\t\t\t<\/div>\n\t\t\t\t<\/div>\n\t\t\t\t<\/div>\n\t\t\t\t\t<\/div>\n\t\t\t\t<\/div>\n\t\t<div class=\"elementor-element elementor-element-c9148f2 e-flex e-con-boxed e-con e-parent\" data-id=\"c9148f2\" data-element_type=\"container\">\n\t\t\t\t\t<div class=\"e-con-inner\">\n\t\t<div class=\"elementor-element elementor-element-3f7228d e-con-full e-flex e-con e-child\" data-id=\"3f7228d\" data-element_type=\"container\">\n\t\t<div class=\"elementor-element elementor-element-e7dfb91 e-con-full e-flex e-con e-child\" data-id=\"e7dfb91\" data-element_type=\"container\">\n\t\t\t\t<div class=\"elementor-element elementor-element-befbda5 elementor-widget elementor-widget-heading\" data-id=\"befbda5\" data-element_type=\"widget\" data-widget_type=\"heading.default\">\n\t\t\t\t\t<h2 class=\"elementor-heading-title elementor-size-default\">LA NOSTRA CUINA PER A BODES<\/h2>\t\t\t\t<\/div>\n\t\t\t\t<div class=\"elementor-element elementor-element-ea68ae2 elementor-widget elementor-widget-heading\" data-id=\"ea68ae2\" data-element_type=\"widget\" data-widget_type=\"heading.default\">\n\t\t\t\t\t<h3 class=\"elementor-heading-title elementor-size-default\">Gastronomia de proximitat, cuinada amb calma<\/h3>\t\t\t\t<\/div>\n\t\t\t\t<div class=\"elementor-element elementor-element-07ed27e elementor-widget__width-initial elementor-widget-mobile__width-inherit elementor-widget elementor-widget-text-editor\" data-id=\"07ed27e\" data-element_type=\"widget\" data-widget_type=\"text-editor.default\">\n\t\t\t\t\t\t\t\t\t<p><strong>Preparem men\u00fas de boda a mida<\/strong>, adaptats al vostre gust i a la temporada.<\/p><p><em><strong>Qu\u00e8 oferim?<\/strong><\/em><\/p><ul><li><strong>Plats casolans<\/strong> elaborats amb ingredients de proximitat<\/li><li><strong>Verdures fresques<\/strong> collides directament del nostre hort<\/li><li>Carns, formatges i vins de <strong>productors locals<\/strong><\/li><li><strong>Receptes tradicionals<\/strong> reinterpretades amb senzillesa i respecte pel producte<\/li><li><strong>Opcions alternatives<\/strong>: vegetarianes, veganes i adaptades a intoler\u00e0ncies<\/li><\/ul><p>La cuina \u00e9s una part essencial del vostre dia.<br \/>Per aix\u00f2 ens assegurem que cada plat sigui <strong>sabor\u00f3s, ben presentat i memorable.<\/strong><\/p>\t\t\t\t\t\t\t\t<\/div>\n\t\t\t\t<\/div>\n\t\t<div class=\"elementor-element elementor-element-8024773 e-con-full e-flex e-con e-child\" data-id=\"8024773\" data-element_type=\"container\">\n\t\t<a class=\"elementor-element elementor-element-4496a86 e-con-full btn-arrow e-flex e-con e-child\" data-id=\"4496a86\" data-element_type=\"container\" href=\"#\">\n\t\t\t\t<div class=\"elementor-element elementor-element-162c2d2 elementor-widget elementor-widget-image\" data-id=\"162c2d2\" data-element_type=\"widget\" data-widget_type=\"image.default\">\n\t\t\t\t\t\t\t\t\t\t\t\t\t\t\t<img decoding=\"async\" width=\"234\" height=\"15\" src=\"https:\/\/elmolidalos.com\/wp-content\/uploads\/2026\/01\/arrow.png\" class=\"attachment-large size-large wp-image-53\" alt=\"\" \/>\t\t\t\t\t\t\t\t\t\t\t\t\t\t\t<\/div>\n\t\t\t\t<div class=\"elementor-element elementor-element-a05f736 elementor-widget elementor-widget-heading\" data-id=\"a05f736\" data-element_type=\"widget\" data-widget_type=\"heading.default\">\n\t\t\t\t\t<p class=\"elementor-heading-title elementor-size-default\">DEMANEU UNA PROPOSTA DE MEN\u00da PERSONALITZADA<\/p>\t\t\t\t<\/div>\n\t\t\t\t<\/a>\n\t\t\t\t<\/div>\n\t\t\t\t<\/div>\n\t\t<div class=\"elementor-element elementor-element-2b0b4b6 e-con-full e-flex e-con e-child\" data-id=\"2b0b4b6\" data-element_type=\"container\">\n\t\t\t\t<div class=\"elementor-element elementor-element-2d7f7a4 carrusel-big2 elementor-pagination-position-outside elementor-widget elementor-widget-image-carousel\" data-id=\"2d7f7a4\" data-element_type=\"widget\" data-settings=\"{&quot;slides_to_show&quot;:&quot;1&quot;,&quot;navigation&quot;:&quot;dots&quot;,&quot;autoplay&quot;:&quot;yes&quot;,&quot;pause_on_hover&quot;:&quot;yes&quot;,&quot;pause_on_interaction&quot;:&quot;yes&quot;,&quot;autoplay_speed&quot;:5000,&quot;infinite&quot;:&quot;yes&quot;,&quot;effect&quot;:&quot;slide&quot;,&quot;speed&quot;:500}\" data-widget_type=\"image-carousel.default\">\n\t\t\t\t\t\t\t<div class=\"elementor-image-carousel-wrapper swiper\" role=\"region\" aria-roledescription=\"carousel\" aria-label=\"Carrusel de im\u00e1genes\" dir=\"ltr\">\n\t\t\t<div class=\"elementor-image-carousel swiper-wrapper\" aria-live=\"off\">\n\t\t\t\t\t\t\t\t<div class=\"swiper-slide\" role=\"group\" aria-roledescription=\"slide\" aria-label=\"1 de 1\"><figure class=\"swiper-slide-inner\"><img decoding=\"async\" class=\"swiper-slide-image\" src=\"https:\/\/elmolidalos.com\/wp-content\/uploads\/2026\/02\/restaurant-per-a-casaments.jpg\" alt=\"Masies per bodes\" \/><\/figure><\/div>\t\t\t<\/div>\n\t\t\t\t\t<\/div>\n\t\t\t\t\t\t<\/div>\n\t\t\t\t<\/div>\n\t\t\t\t\t<\/div>\n\t\t\t\t<\/div>\n\t\t\t\t<\/div>\n\t\t","protected":false},"excerpt":{"rendered":"<p>RESTAURANT PER A BODES Un espai r\u00fastic i acollidor al cor del Prepirineu de Lleida El vostre dia especial, al vostre ritme i com si f\u00f3ssiu a casa. BODES AMB ENCANT Un refugi per a parelles que fugen de les bodes convencionals. Imagineu celebrar la vostra boda en un espai natural, aut\u00e8ntic i ple de [&hellip;]<\/p>\n","protected":false},"author":1,"featured_media":0,"parent":0,"menu_order":0,"comment_status":"closed","ping_status":"closed","template":"","meta":{"_joinchat":[],"footnotes":""},"class_list":["post-169","page","type-page","status-publish","hentry"],"_links":{"self":[{"href":"https:\/\/elmolidalos.com\/es\/wp-json\/wp\/v2\/pages\/169","targetHints":{"allow":["GET"]}}],"collection":[{"href":"https:\/\/elmolidalos.com\/es\/wp-json\/wp\/v2\/pages"}],"about":[{"href":"https:\/\/elmolidalos.com\/es\/wp-json\/wp\/v2\/types\/page"}],"author":[{"embeddable":true,"href":"https:\/\/elmolidalos.com\/es\/wp-json\/wp\/v2\/users\/1"}],"replies":[{"embeddable":true,"href":"https:\/\/elmolidalos.com\/es\/wp-json\/wp\/v2\/comments?post=169"}],"version-history":[{"count":45,"href":"https:\/\/elmolidalos.com\/es\/wp-json\/wp\/v2\/pages\/169\/revisions"}],"predecessor-version":[{"id":657,"href":"https:\/\/elmolidalos.com\/es\/wp-json\/wp\/v2\/pages\/169\/revisions\/657"}],"wp:attachment":[{"href":"https:\/\/elmolidalos.com\/es\/wp-json\/wp\/v2\/media?parent=169"}],"curies":[{"name":"wp","href":"https:\/\/api.w.org\/{rel}","templated":true}]}}